{"id":8,"date":"2016-01-11T19:03:28","date_gmt":"2016-01-11T17:03:28","guid":{"rendered":"http:\/\/s522905431.online.de\/neu\/?page_id=8"},"modified":"2017-05-19T23:04:11","modified_gmt":"2017-05-19T21:04:11","slug":"impressum","status":"publish","type":"page","link":"http:\/\/soundcreation.de\/?page_id=8","title":{"rendered":"Impressum"},"content":{"rendered":"<div><strong>SOUNDCREATION<\/strong><\/div>\n<div>Rainer &amp; Werner M\u00fcller GbR<\/div>\n<div>Reichenberger Str. 12<\/div>\n<div>64658 F\u00fcrth<\/div>\n<div><\/div>\n<div>Telefon: +49 (0) 6253 4059<\/div>\n<div>Telefax: +49 (0) 6253 932831<\/div>\n<div>Email:\u00a0\u00a0\u00a0\u00a0 info@soundcreation.de<\/div>\n<div><\/div>\n<div><strong>Vertretungsberechtigte Gesellschafter:<\/strong><\/div>\n<div>Rainer M\u00fcller &amp; Werner M\u00fcller<\/div>\n<div><\/div>\n<div><strong>Haftungshinweis:<\/strong><\/div>\n<div>Trotz sorgf\u00e4ltiger inhaltlicher Kontrolle \u00fcberhehmen wir keine Haftung f\u00fcr Inhalte externer Links.<\/div>\n<div>F\u00fcr Inhalte der verlinkten Seiten sind ausschlie\u00dfliche deren Betreiber verantwortlich.<\/div>\n<div><\/div>\n<div><strong>Allgemeine Gesch\u00e4ftsbedingungen:<\/strong><\/div>\n<div>Die AGB\u00b4s stehen hier zum Download bereit.<\/div>\n<div><a href=\"http:\/\/soundcreation.de\/wp-content\/uploads\/2016\/01\/AGB-2010.pdf\">AGB Soundcreation<\/a><\/div>\n","protected":false},"excerpt":{"rendered":"<p>SOUNDCREATION Rainer &amp; Werner M\u00fcller GbR Reichenberger Str. 12 64658 F\u00fcrth Telefon: +49 (0) 6253 4059 Telefax: +49 (0) 6253 932831 Email:\u00a0\u00a0\u00a0\u00a0 info@soundcreation.de Vertretungsberechtigte Gesellschafter: Rainer M\u00fcller &amp; Werner M\u00fcller Haftungshinweis: Trotz sorgf\u00e4ltiger inhaltlicher Kontrolle \u00fcberhehmen wir keine Haftung f\u00fcr Inhalte externer Links. F\u00fcr Inhalte der verlinkten Seiten sind ausschlie\u00dfliche deren Betreiber verantwortlich. Allgemeine Gesch\u00e4ftsbedingungen: &hellip; <a href=\"http:\/\/soundcreation.de\/?page_id=8\" class=\"more-link\"><span class=\"screen-reader-text\">Impressum<\/span> weiterlesen <span class=\"meta-nav\">&rarr;<\/span><\/a><\/p>\n","protected":false},"author":1,"featured_media":0,"parent":0,"menu_order":9,"comment_status":"closed","ping_status":"open","template":"","meta":{"footnotes":""},"class_list":["post-8","page","type-page","status-publish","hentry"],"_links":{"self":[{"href":"http:\/\/soundcreation.de\/index.php?rest_route=\/wp\/v2\/pages\/8"}],"collection":[{"href":"http:\/\/soundcreation.de\/index.php?rest_route=\/wp\/v2\/pages"}],"about":[{"href":"http:\/\/soundcreation.de\/index.php?rest_route=\/wp\/v2\/types\/page"}],"author":[{"embeddable":true,"href":"http:\/\/soundcreation.de\/index.php?rest_route=\/wp\/v2\/users\/1"}],"replies":[{"embeddable":true,"href":"http:\/\/soundcreation.de\/index.php?rest_route=%2Fwp%2Fv2%2Fcomments&post=8"}],"version-history":[{"count":3,"href":"http:\/\/soundcreation.de\/index.php?rest_route=\/wp\/v2\/pages\/8\/revisions"}],"predecessor-version":[{"id":943,"href":"http:\/\/soundcreation.de\/index.php?rest_route=\/wp\/v2\/pages\/8\/revisions\/943"}],"wp:attachment":[{"href":"http:\/\/soundcreation.de\/index.php?rest_route=%2Fwp%2Fv2%2Fmedia&parent=8"}],"curies":[{"name":"wp","href":"https:\/\/api.w.org\/{rel}","templated":true}]}}