{"id":638,"date":"2016-07-27T11:33:05","date_gmt":"2016-07-27T09:33:05","guid":{"rendered":"http:\/\/new.soundcreation.de\/?page_id=638"},"modified":"2016-07-27T11:33:05","modified_gmt":"2016-07-27T09:33:05","slug":"preisliste-studio","status":"publish","type":"page","link":"http:\/\/soundcreation.de\/?page_id=638","title":{"rendered":"Preisliste Studio"},"content":{"rendered":"<div>Die folgende Auflistung soll einen \u00dcberblick \u00fcber die von uns angebotenen Einzelleistungen verschaffen und Ihnen dabei helfen Ihre pers\u00f6nliche Vorab-Kalkulation f\u00fcr einen Studioaufenthalt bei uns zu erstellen.<\/div>\n<div>(1h Aufnahmezeit ben\u00f6tigt in etwa auch 1h Mix\/Nachbearbeitungs-Zeit)<\/div>\n<div><\/div>\n<div><\/div>\n<table border=\"0\" cellspacing=\"1\" cellpadding=\"1\">\n<tbody>\n<tr>\n<td>\n<div><em>Leistungen \u00a0 \u00a0 \u00a0 \u00a0 \u00a0 \u00a0 \u00a0 \u00a0 \u00a0 \u00a0 \u00a0 \u00a0 \u00a0 \u00a0 \u00a0 \u00a0 \u00a0 \u00a0 \u00a0 \u00a0 \u00a0 \u00a0 \u00a0 \u00a0 \u00a0\u00a0 <\/em><\/div>\n<div><\/div>\n<\/td>\n<td class=\"rteright\">\n<div class=\"rteright\"><em>Einzelpreis in \u20ac<\/em><\/div>\n<div class=\"rteright\"><em>(incl. MwSt.)<\/em><\/div>\n<\/td>\n<\/tr>\n<\/tbody>\n<\/table>\n<h4>Stundenpreise:<\/h4>\n<table border=\"0\" width=\"438\" cellspacing=\"1\" cellpadding=\"1\">\n<tbody>\n<tr>\n<td>\n<div><strong>Aufnahme<\/strong> im Studio mit Tontechniker (1h)<\/div>\n<\/td>\n<td class=\"rteright\">\n<div class=\"rteright\"><strong>40 \u20ac<\/strong><\/div>\n<\/td>\n<\/tr>\n<tr>\n<td>\n<div><strong>Mix \/ Nachbearbeitung<\/strong> durch Tontechniker (1h)<\/div>\n<\/td>\n<td class=\"rteright\">\n<div class=\"rteright\"><strong>35 \u20ac<\/strong><\/div>\n<\/td>\n<\/tr>\n<tr>\n<td>\n<div><strong>Mastering<\/strong> durch Tontechniker (1h)<\/div>\n<\/td>\n<td class=\"rteright\">\n<div class=\"rteright\"><strong>35 \u20ac<\/strong><\/div>\n<\/td>\n<\/tr>\n<tr>\n<td>\n<div><strong>Aufbau \/ Mikrofonierung<\/strong> mit Techniker (1h)<\/div>\n<\/td>\n<td class=\"rteright\">\n<div class=\"rteright\"><strong>25 \u20ac<\/strong><\/div>\n<\/td>\n<\/tr>\n<\/tbody>\n<\/table>\n<h4><\/h4>\n<h4>Paketpreise &amp; Specials:<\/h4>\n<table border=\"0\" width=\"438\" cellspacing=\"1\" cellpadding=\"1\">\n<tbody>\n<tr>\n<td>\n<div><strong>1 Aufnahmetag<\/strong> mit Tontechniker (8h)<\/div>\n<\/td>\n<td class=\"rteright\">\n<div class=\"rteright\"><strong>290 \u20ac<\/strong><\/div>\n<\/td>\n<\/tr>\n<tr>\n<td>\n<div><strong>Mini-Session <\/strong>(2h Aufnahme incl. Mix\/Mastering)<\/div>\n<\/td>\n<td class=\"rteright\">\n<div class=\"rteright\"><strong>79 \u20ac<\/strong><\/div>\n<\/td>\n<\/tr>\n<tr>\n<td>\n<div><strong>Band-Session<\/strong> (2h Aufbau,8h Aufnahme,10h Mix\/Master)<\/div>\n<\/td>\n<td class=\"rteright\">\n<div class=\"rteright\"><strong>690 \u20ac<\/strong><\/div>\n<\/td>\n<\/tr>\n<\/tbody>\n<\/table>\n","protected":false},"excerpt":{"rendered":"<p>Die folgende Auflistung soll einen \u00dcberblick \u00fcber die von uns angebotenen Einzelleistungen verschaffen und Ihnen dabei helfen Ihre pers\u00f6nliche Vorab-Kalkulation f\u00fcr einen Studioaufenthalt bei uns zu erstellen. (1h Aufnahmezeit ben\u00f6tigt in etwa auch 1h Mix\/Nachbearbeitungs-Zeit) Leistungen \u00a0 \u00a0 \u00a0 \u00a0 \u00a0 \u00a0 \u00a0 \u00a0 \u00a0 \u00a0 \u00a0 \u00a0 \u00a0 \u00a0 \u00a0 \u00a0 \u00a0 \u00a0 \u00a0 &hellip; <a href=\"http:\/\/soundcreation.de\/?page_id=638\" class=\"more-link\"><span class=\"screen-reader-text\">Preisliste Studio<\/span> weiterlesen <span class=\"meta-nav\">&rarr;<\/span><\/a><\/p>\n","protected":false},"author":1,"featured_media":0,"parent":35,"menu_order":3,"comment_status":"closed","ping_status":"closed","template":"","meta":{"footnotes":""},"class_list":["post-638","page","type-page","status-publish","hentry"],"_links":{"self":[{"href":"http:\/\/soundcreation.de\/index.php?rest_route=\/wp\/v2\/pages\/638"}],"collection":[{"href":"http:\/\/soundcreation.de\/index.php?rest_route=\/wp\/v2\/pages"}],"about":[{"href":"http:\/\/soundcreation.de\/index.php?rest_route=\/wp\/v2\/types\/page"}],"author":[{"embeddable":true,"href":"http:\/\/soundcreation.de\/index.php?rest_route=\/wp\/v2\/users\/1"}],"replies":[{"embeddable":true,"href":"http:\/\/soundcreation.de\/index.php?rest_route=%2Fwp%2Fv2%2Fcomments&post=638"}],"version-history":[{"count":1,"href":"http:\/\/soundcreation.de\/index.php?rest_route=\/wp\/v2\/pages\/638\/revisions"}],"predecessor-version":[{"id":639,"href":"http:\/\/soundcreation.de\/index.php?rest_route=\/wp\/v2\/pages\/638\/revisions\/639"}],"up":[{"embeddable":true,"href":"http:\/\/soundcreation.de\/index.php?rest_route=\/wp\/v2\/pages\/35"}],"wp:attachment":[{"href":"http:\/\/soundcreation.de\/index.php?rest_route=%2Fwp%2Fv2%2Fmedia&parent=638"}],"curies":[{"name":"wp","href":"https:\/\/api.w.org\/{rel}","templated":true}]}}