{"id":590,"date":"2016-05-17T11:15:24","date_gmt":"2016-05-17T09:15:24","guid":{"rendered":"http:\/\/s522905431.online.de\/neu\/?page_id=590"},"modified":"2016-11-18T11:01:57","modified_gmt":"2016-11-18T09:01:57","slug":"einzelpreisliste-buehnentechnik","status":"publish","type":"page","link":"http:\/\/soundcreation.de\/?page_id=590","title":{"rendered":"Einzelpreisliste (B\u00fchnentechnik)"},"content":{"rendered":"<div>Die B\u00fchnenteile, die zum Abholen bereit stehen, sind einfach aufzustellen und erfordern keine besondere technische Kenntnisse. Der erste Miettag wird mit 100% (Tagesmietpreis), jeder weiterer Miettag mit 50% berechnet. Lassen Sie sich ein individuelles Angebot erstellen, falls Sie eine l\u00e4ngerfristige Anmietung beabsichtigen.<\/div>\n<div>Selbstverst\u00e4ndlich liefern wir die B\u00fchnenteile auch gegen Aufpreis aus.<\/div>\n<div><\/div>\n<div>F\u00fcr die B\u00fchnenelemente stehen F\u00fcsse in den L\u00e4ngen 20cm, 40cm, 60cm oder 1m zur Verf\u00fcgung. Gegen Aufpreis f\u00fchren wir auch Variof\u00fc\u00dfe.<\/div>\n<div><\/div>\n<p><\/p>\n<table>\n<tbody>\n<tr>\n<td colspan=\"2\" width=\"437\"><strong>B\u00fchnenelement\u00a0\u00a0 2 x 1 m\u00a0<\/strong><\/td>\n<td width=\"177\"><strong>15,00 \u20ac\u00a0\u00a0\u00a0\u00a0 <\/strong><\/td>\n<\/tr>\n<tr>\n<td width=\"233\">Mott \u2013 B\u00fchnenpodest<br \/>\nWasserfest, dunkelbraune Siebdruckplatte f\u00fcr Au\u00dfenbereich<br \/>\nMit Steckfu\u00df<br \/>\nT\u00dcV gepr\u00fcft nach DIN 1055<\/td>\n<td width=\"204\">Technische Daten:<br \/>\nL\u00e4nge: 2m<br \/>\nBreite: 1m<br \/>\nH\u00f6he: 20\/40\/60\/100 cm<br \/>\nTragkraft: 750 KG\/qm<br \/>\nGewicht: ca. 40 KG<\/td>\n<td style=\"text-align: center;\" width=\"177\">\u00a0<a href=\"http:\/\/soundcreation.de\/wp-content\/uploads\/2016\/05\/B\u00fchnentisch-2-x-1.jpg\"><img loading=\"lazy\" decoding=\"async\" class=\"alignnone size-full wp-image-866\" src=\"http:\/\/soundcreation.de\/wp-content\/uploads\/2016\/05\/B\u00fchnentisch-2-x-1.jpg\" alt=\"buehnentisch-2-x-1\" width=\"158\" height=\"124\" \/><\/a><\/td>\n<\/tr>\n<\/tbody>\n<\/table>\n<p>&nbsp;<\/p>\n<table>\n<tbody>\n<tr>\n<td colspan=\"2\" width=\"437\"><strong>B\u00fchnenelement\u00a0\u00a0 1 x 1 m\u00a0<\/strong><\/td>\n<td width=\"177\"><strong>10,00 \u20ac\u00a0\u00a0\u00a0\u00a0 <\/strong><\/td>\n<\/tr>\n<tr>\n<td width=\"233\">B\u00fchnenpodest<br \/>\nWasserfest, dunkelbraune Siebdruckplatte f\u00fcr Au\u00dfenbereich<br \/>\nMit Steckfu\u00df<\/td>\n<td width=\"204\">Technische Daten:<br \/>\nL\u00e4nge: 1m<br \/>\nBreite: 1m<br \/>\nH\u00f6he: 20\/40\/60\/100 cm<br \/>\nTragkraft: 750 KG\/qm<br \/>\nGewicht: ca. 20 KG<\/td>\n<td style=\"text-align: center;\" width=\"177\">\u00a0<a href=\"http:\/\/soundcreation.de\/wp-content\/uploads\/2016\/05\/B\u00fchnentisch-1-x-1.jpg\"><img loading=\"lazy\" decoding=\"async\" class=\"alignnone size-full wp-image-868\" src=\"http:\/\/soundcreation.de\/wp-content\/uploads\/2016\/05\/B\u00fchnentisch-1-x-1.jpg\" alt=\"buehnentisch-1-x-1\" width=\"122\" height=\"69\" \/><\/a><\/td>\n<\/tr>\n<\/tbody>\n<\/table>\n<p>&nbsp;<\/p>\n<table>\n<tbody>\n<tr>\n<td colspan=\"2\" width=\"437\"><strong>B\u00fchnenelement\u00a0\u00a0 Treppenelement\u00a0<\/strong><\/td>\n<td width=\"177\"><strong>20,00 \u20ac\u00a0\u00a0\u00a0\u00a0 <\/strong><\/td>\n<\/tr>\n<tr>\n<td width=\"233\">Inkl. Befestigungsmaterial<\/td>\n<td width=\"204\">Technische Daten:<br \/>\nF\u00fcr B\u00fchne 1m hoch<\/td>\n<td style=\"text-align: center;\" width=\"177\">\u00a0<a href=\"http:\/\/soundcreation.de\/wp-content\/uploads\/2016\/05\/Treppe.jpg\"><img loading=\"lazy\" decoding=\"async\" class=\"alignnone size-full wp-image-870\" src=\"http:\/\/soundcreation.de\/wp-content\/uploads\/2016\/05\/Treppe.jpg\" alt=\"treppe\" width=\"106\" height=\"104\" \/><\/a><\/td>\n<\/tr>\n<\/tbody>\n<\/table>\n<p>&nbsp;<\/p>\n<table>\n<tbody>\n<tr>\n<td colspan=\"2\" width=\"437\"><strong>B\u00fchnengel\u00e4nder\u00a0 1m<\/strong><\/td>\n<td width=\"177\"><strong>3,00 \u20ac\u00a0\u00a0\u00a0 <\/strong><\/td>\n<\/tr>\n<tr>\n<td width=\"233\">Mott \u2013 B\u00fchnengel\u00e4nder<br \/>\nInkl. Befestigungsteile<br \/>\nHandlauf aus Rundrohr<\/td>\n<td width=\"204\">Technische Daten:<\/td>\n<td style=\"text-align: center;\" width=\"177\">\u00a0<a href=\"http:\/\/soundcreation.de\/wp-content\/uploads\/2016\/05\/Gel\u00e4nder-1m.jpg\"><img loading=\"lazy\" decoding=\"async\" class=\"alignnone size-full wp-image-872\" src=\"http:\/\/soundcreation.de\/wp-content\/uploads\/2016\/05\/Gel\u00e4nder-1m.jpg\" alt=\"gelaender-1m\" width=\"106\" height=\"104\" \/><\/a><\/td>\n<\/tr>\n<\/tbody>\n<\/table>\n<p>&nbsp;<\/p>\n<table>\n<tbody>\n<tr>\n<td colspan=\"2\" width=\"437\"><strong>B\u00fchnengel\u00e4nder\u00a0 2m<\/strong><\/td>\n<td width=\"177\"><strong>5,00 \u20ac<\/strong><\/td>\n<\/tr>\n<tr>\n<td width=\"233\">Mott \u2013 B\u00fchnengel\u00e4nder<br \/>\nInkl. Befestigungsteile<br \/>\nHandlauf aus Rundrohr<\/td>\n<td width=\"204\">Technische Daten:<\/td>\n<td style=\"text-align: center;\" width=\"177\">\u00a0<a href=\"http:\/\/soundcreation.de\/wp-content\/uploads\/2016\/05\/Gel\u00e4nder-2m.jpg\"><img loading=\"lazy\" decoding=\"async\" class=\"alignnone size-full wp-image-874\" src=\"http:\/\/soundcreation.de\/wp-content\/uploads\/2016\/05\/Gel\u00e4nder-2m.jpg\" alt=\"gelaender-2m\" width=\"109\" height=\"87\" \/><\/a><\/td>\n<\/tr>\n<\/tbody>\n<\/table>\n<p>&nbsp;<\/p>\n<table>\n<tbody>\n<tr>\n<td colspan=\"2\" width=\"437\"><strong>Treppengel\u00e4nder f\u00fcr Treppe 1m<\/strong><\/td>\n<td width=\"177\"><strong>5,00 \u20ac<\/strong><\/td>\n<\/tr>\n<tr>\n<td width=\"233\">Inkl. Befestigungsteile<br \/>\nHandlauf aus Rundrohr<\/td>\n<td width=\"204\">Technische Daten:<\/td>\n<td style=\"text-align: center;\" width=\"177\">\u00a0<a href=\"http:\/\/soundcreation.de\/wp-content\/uploads\/2016\/05\/Treppengel\u00e4nder.jpg\"><img loading=\"lazy\" decoding=\"async\" class=\"alignnone size-full wp-image-876\" src=\"http:\/\/soundcreation.de\/wp-content\/uploads\/2016\/05\/Treppengel\u00e4nder.jpg\" alt=\"treppengelaender\" width=\"88\" height=\"102\" \/><\/a><\/td>\n<\/tr>\n<\/tbody>\n<\/table>\n<p>&nbsp;<\/p>\n<table>\n<tbody>\n<tr>\n<td colspan=\"2\" width=\"437\"><strong>Wassertank<\/strong><\/td>\n<td width=\"177\"><strong>10,00 \u20ac\u00a0\u00a0\u00a0\u00a0 <\/strong><\/td>\n<\/tr>\n<tr>\n<td width=\"233\">600L Tank zum Beschweren von B\u00fchnendachbauten<\/td>\n<td width=\"204\">Technische Daten:<br \/>\nTankinhalt: 600 L<br \/>\nL\u00e4nge: 120 cm<br \/>\nBreite: 80 cm<br \/>\nH\u00f6he: 100 cm<\/td>\n<td style=\"text-align: center;\" width=\"177\">\u00a0<a href=\"http:\/\/soundcreation.de\/wp-content\/uploads\/2016\/05\/Wassertank.jpg\"><img loading=\"lazy\" decoding=\"async\" class=\"alignnone size-full wp-image-878\" src=\"http:\/\/soundcreation.de\/wp-content\/uploads\/2016\/05\/Wassertank.jpg\" alt=\"wassertank\" width=\"130\" height=\"154\" \/><\/a><\/td>\n<\/tr>\n<\/tbody>\n<\/table>\n","protected":false},"excerpt":{"rendered":"<p>Die B\u00fchnenteile, die zum Abholen bereit stehen, sind einfach aufzustellen und erfordern keine besondere technische Kenntnisse. Der erste Miettag wird mit 100% (Tagesmietpreis), jeder weiterer Miettag mit 50% berechnet. Lassen Sie sich ein individuelles Angebot erstellen, falls Sie eine l\u00e4ngerfristige Anmietung beabsichtigen. Selbstverst\u00e4ndlich liefern wir die B\u00fchnenteile auch gegen Aufpreis aus. F\u00fcr die B\u00fchnenelemente stehen &hellip; <a href=\"http:\/\/soundcreation.de\/?page_id=590\" class=\"more-link\"><span class=\"screen-reader-text\">Einzelpreisliste (B\u00fchnentechnik)<\/span> weiterlesen <span class=\"meta-nav\">&rarr;<\/span><\/a><\/p>\n","protected":false},"author":1,"featured_media":0,"parent":31,"menu_order":0,"comment_status":"closed","ping_status":"closed","template":"","meta":{"footnotes":""},"class_list":["post-590","page","type-page","status-publish","hentry"],"_links":{"self":[{"href":"http:\/\/soundcreation.de\/index.php?rest_route=\/wp\/v2\/pages\/590"}],"collection":[{"href":"http:\/\/soundcreation.de\/index.php?rest_route=\/wp\/v2\/pages"}],"about":[{"href":"http:\/\/soundcreation.de\/index.php?rest_route=\/wp\/v2\/types\/page"}],"author":[{"embeddable":true,"href":"http:\/\/soundcreation.de\/index.php?rest_route=\/wp\/v2\/users\/1"}],"replies":[{"embeddable":true,"href":"http:\/\/soundcreation.de\/index.php?rest_route=%2Fwp%2Fv2%2Fcomments&post=590"}],"version-history":[{"count":12,"href":"http:\/\/soundcreation.de\/index.php?rest_route=\/wp\/v2\/pages\/590\/revisions"}],"predecessor-version":[{"id":884,"href":"http:\/\/soundcreation.de\/index.php?rest_route=\/wp\/v2\/pages\/590\/revisions\/884"}],"up":[{"embeddable":true,"href":"http:\/\/soundcreation.de\/index.php?rest_route=\/wp\/v2\/pages\/31"}],"wp:attachment":[{"href":"http:\/\/soundcreation.de\/index.php?rest_route=%2Fwp%2Fv2%2Fmedia&parent=590"}],"curies":[{"name":"wp","href":"https:\/\/api.w.org\/{rel}","templated":true}]}}