{"id":588,"date":"2016-05-17T11:13:22","date_gmt":"2016-05-17T09:13:22","guid":{"rendered":"http:\/\/s522905431.online.de\/neu\/?page_id=588"},"modified":"2016-11-18T10:59:51","modified_gmt":"2016-11-18T08:59:51","slug":"buehnentechnik-zum-abholen","status":"publish","type":"page","link":"http:\/\/soundcreation.de\/?page_id=588","title":{"rendered":"B\u00fchnentechnik zum Abholen"},"content":{"rendered":"<div id=\"node-35\" class=\"node node-type-page\">\n<div class=\"node-inner\">\n<div class=\"content\">\n<div>Die B\u00fchnenteile, die zum Abholen bereit stehen, sind einfach aufzustellen und erfordern keine besondere technische Kenntnisse. Der erste Miettag wird mit 100% (Tagesmietpreis), jeder weiterer Miettag mit 50% berechnet. Lassen Sie sich ein individuelles Angebot erstellen, falls Sie eine l\u00e4ngerfristige Anmietung beabsichtigen.<\/div>\n<div>Selbstverst\u00e4ndlich liefern wir die B\u00fchnenteile auch gegen Aufpreis aus.<\/div>\n<div><\/div>\n<div>F\u00fcr die B\u00fchnenelemente stehen F\u00fcsse in den L\u00e4ngen 20cm, 40cm, 60cm oder 1m zur Verf\u00fcgung. Gegen Aufpreis f\u00fchren wir auch Variof\u00fc\u00dfe.<\/div>\n<div><\/div>\n<div><\/div>\n<div>\n<table border=\"0\" width=\"100%\" cellspacing=\"1\" cellpadding=\"1\">\n<tbody>\n<tr>\n<td colspan=\"2\" bgcolor=\"#cccccc\">\n<div><b>B\u00fchnenelement 2x1m<\/b><b><br \/>\n<\/b><\/div>\n<\/td>\n<td class=\"rteright\" bgcolor=\"#cccccc\" width=\"200\">Tragkraft: 750kg\/qm<\/td>\n<\/tr>\n<tr>\n<td colspan=\"2\">\n<div>Mott \u2013 B\u00fchnenpodest<\/div>\n<div>Wasserfest, dunkelbraune Siebdruckplatte f\u00fcr Au\u00dfenbereich<\/div>\n<div>T\u00dcV gepr\u00fcft nach DIN 1055<\/div>\n<div><\/div>\n<div>incl. 4 Steckf\u00fcssen ( B\u00fchnenh\u00f6he 20, 40, 60 oder 100cm )<\/div>\n<\/td>\n<td class=\"rteright\"><img decoding=\"async\" src=\"http:\/\/dev.soundcreation.de\/files\/image\/b%C3%BCtec.jpg\" alt=\"\" \/><\/td>\n<\/tr>\n<tr>\n<td colspan=\"2\"><\/td>\n<td><\/td>\n<\/tr>\n<tr>\n<td><\/td>\n<td bgcolor=\"#cccccc\" width=\"220\">\n<div><strong>Tagesmietpreis (Netto) in \u20ac<\/strong><\/div>\n<\/td>\n<td class=\"rteright\" align=\"right\" valign=\"top\" bgcolor=\"#cccccc\" width=\"120\">\n<div><strong>12,61<\/strong><\/div>\n<\/td>\n<\/tr>\n<tr>\n<td><\/td>\n<td width=\"0\">zzgl. 19% MwSt.<\/td>\n<td class=\"rteright\" align=\"right\" valign=\"top\" width=\"0\">2,39<\/td>\n<\/tr>\n<tr>\n<td><\/td>\n<td bgcolor=\"#cccccc\" width=\"0\"><strong>Tagesmietpreis (Brutto) in \u20ac<\/strong><\/td>\n<td class=\"rteright\" align=\"right\" valign=\"top\" bgcolor=\"#cccccc\" width=\"0\"><strong>15,00<\/strong><\/td>\n<\/tr>\n<tr>\n<td><\/td>\n<td bgcolor=\"#ffffff\" width=\"0\">Fahrzeug<\/td>\n<td class=\"rteleft\" valign=\"top\" bgcolor=\"#ffffff\" width=\"0\">Sprinter (oder Anh\u00e4nger)<\/td>\n<\/tr>\n<tr>\n<td><\/td>\n<td bgcolor=\"#ffffff\" width=\"0\"><\/td>\n<td class=\"rteleft\" valign=\"top\" bgcolor=\"#ffffff\" width=\"0\"><\/td>\n<\/tr>\n<\/tbody>\n<\/table>\n<p>&nbsp;<\/p>\n<\/div>\n<table border=\"0\" width=\"100%\" cellspacing=\"1\" cellpadding=\"1\">\n<tbody>\n<tr>\n<td colspan=\"2\" bgcolor=\"#cccccc\">\n<div><b>B\u00fchnenelement 1x1m<\/b><b> <\/b><\/div>\n<\/td>\n<td class=\"rteright\" bgcolor=\"#cccccc\" width=\"200\">Tragkraft: 750kg\/qm<\/td>\n<\/tr>\n<tr>\n<td colspan=\"2\">\n<div>B\u00fchnenpodest<\/div>\n<div>Wasserfest, dunkelbraune Siebdruckplatte f\u00fcr Au\u00dfenbereich<\/div>\n<div><\/div>\n<div>incl. 4 Steckf\u00fcssen ( B\u00fchnenh\u00f6he 20, 40, 60 oder 100cm )<\/div>\n<\/td>\n<td class=\"rteright\"><img decoding=\"async\" src=\"http:\/\/dev.soundcreation.de\/files\/image\/podest-kn%C3%BCx.jpg\" alt=\"\" \/><\/td>\n<\/tr>\n<tr>\n<td colspan=\"2\"><\/td>\n<td><\/td>\n<\/tr>\n<tr>\n<td><\/td>\n<td bgcolor=\"#cccccc\" width=\"220\">\n<div><strong>Tagesmietpreis (Netto) in \u20ac<\/strong><\/div>\n<\/td>\n<td class=\"rteright\" align=\"right\" valign=\"top\" bgcolor=\"#cccccc\" width=\"120\">\n<div><strong>8,40<\/strong><\/div>\n<\/td>\n<\/tr>\n<tr>\n<td><\/td>\n<td width=\"0\">zzgl. 19% MwSt.<\/td>\n<td class=\"rteright\" align=\"right\" valign=\"top\" width=\"0\">1,60<\/td>\n<\/tr>\n<tr>\n<td><\/td>\n<td bgcolor=\"#cccccc\" width=\"0\"><strong>Tagesmietpreis (Brutto) in \u20ac<\/strong><\/td>\n<td class=\"rteright\" align=\"right\" valign=\"top\" bgcolor=\"#cccccc\" width=\"0\"><strong>10,00<\/strong><\/td>\n<\/tr>\n<tr>\n<td><\/td>\n<td bgcolor=\"#ffffff\" width=\"0\">Fahrzeug<\/td>\n<td class=\"rteleft\" valign=\"top\" bgcolor=\"#ffffff\" width=\"0\">Sprinter (oder Anh\u00e4nger)<\/td>\n<\/tr>\n<tr>\n<td><\/td>\n<td bgcolor=\"#ffffff\" width=\"0\"><\/td>\n<td class=\"rteleft\" valign=\"top\" bgcolor=\"#ffffff\" width=\"0\"><\/td>\n<\/tr>\n<\/tbody>\n<\/table>\n<p>&nbsp;<\/p>\n<table border=\"0\" width=\"100%\" cellspacing=\"1\" cellpadding=\"1\">\n<tbody>\n<tr>\n<td colspan=\"2\" bgcolor=\"#cccccc\">\n<div>B\u00fchnengel\u00e4nder 1m<b><br \/>\n<\/b><\/div>\n<\/td>\n<td class=\"rteright\" bgcolor=\"#cccccc\" width=\"200\"><\/td>\n<\/tr>\n<tr>\n<td colspan=\"2\">\n<div>Mott \u2013 B\u00fchnengel\u00e4nder<\/div>\n<div>Inkl. Befestigungsteile<\/div>\n<div>Handlauf aus Rundrohr<\/div>\n<\/td>\n<td class=\"rteright\">\n<div class=\"rteright\"><img decoding=\"async\" src=\"http:\/\/dev.soundcreation.de\/files\/image\/buehne_gelaender_1m.jpg\" alt=\"\" \/><\/div>\n<\/td>\n<\/tr>\n<tr>\n<td colspan=\"2\"><\/td>\n<td><\/td>\n<\/tr>\n<tr>\n<td><\/td>\n<td bgcolor=\"#cccccc\" width=\"220\">\n<div><strong>Tagesmietpreis (Netto) in \u20ac<\/strong><\/div>\n<\/td>\n<td class=\"rteright\" align=\"right\" valign=\"top\" bgcolor=\"#cccccc\" width=\"120\">\n<div><strong>2,52<\/strong><\/div>\n<\/td>\n<\/tr>\n<tr>\n<td><\/td>\n<td width=\"0\">\n<div>zzgl. 19% MwSt.<\/div>\n<\/td>\n<td class=\"rteright\" align=\"right\" valign=\"top\" width=\"0\">\n<div>0,48<\/div>\n<\/td>\n<\/tr>\n<tr>\n<td><\/td>\n<td bgcolor=\"#cccccc\" width=\"0\">\n<div><strong>Tagesmietpreis (Brutto) in \u20ac<\/strong><\/div>\n<\/td>\n<td class=\"rteright\" align=\"right\" valign=\"top\" bgcolor=\"#cccccc\" width=\"0\">\n<div><strong>3,00<\/strong><\/div>\n<\/td>\n<\/tr>\n<tr>\n<td><\/td>\n<td bgcolor=\"#ffffff\" width=\"0\">\n<div>Fahrzeug<\/div>\n<\/td>\n<td class=\"rteleft\" valign=\"top\" bgcolor=\"#ffffff\" width=\"0\">\n<div>Sprinter (oder Anh\u00e4nger)<\/div>\n<\/td>\n<\/tr>\n<tr>\n<td><\/td>\n<td bgcolor=\"#ffffff\" width=\"0\"><\/td>\n<td><\/td>\n<\/tr>\n<\/tbody>\n<\/table>\n<p>&nbsp;<\/p>\n<table border=\"0\" width=\"100%\" cellspacing=\"1\" cellpadding=\"1\">\n<tbody>\n<tr>\n<td colspan=\"2\" bgcolor=\"#cccccc\">\n<div>B\u00fchnengel\u00e4nder 2m<b><br \/>\n<\/b><\/div>\n<\/td>\n<td class=\"rteright\" bgcolor=\"#cccccc\" width=\"200\"><\/td>\n<\/tr>\n<tr>\n<td colspan=\"2\">\n<div>Mott \u2013 B\u00fchnengel\u00e4nder<\/div>\n<div>Inkl. Befestigungsteile<\/div>\n<div>Handlauf aus Rundrohr<\/div>\n<\/td>\n<td class=\"rteright\"><\/td>\n<\/tr>\n<tr>\n<td colspan=\"2\"><\/td>\n<td><\/td>\n<\/tr>\n<tr>\n<td><\/td>\n<td bgcolor=\"#cccccc\" width=\"220\">\n<div><strong>Tagesmietpreis (Netto) in \u20ac<\/strong><\/div>\n<\/td>\n<td class=\"rteright\" align=\"right\" valign=\"top\" bgcolor=\"#cccccc\" width=\"120\">\n<div><strong>3,36<\/strong><\/div>\n<\/td>\n<\/tr>\n<tr>\n<td><\/td>\n<td width=\"0\">\n<div>zzgl. 19% MwSt.<\/div>\n<\/td>\n<td class=\"rteright\" align=\"right\" valign=\"top\" width=\"0\">\n<div>0,64<\/div>\n<\/td>\n<\/tr>\n<tr>\n<td><\/td>\n<td bgcolor=\"#cccccc\" width=\"0\">\n<div><strong>Tagesmietpreis (Brutto) in \u20ac<\/strong><\/div>\n<\/td>\n<td class=\"rteright\" align=\"right\" valign=\"top\" bgcolor=\"#cccccc\" width=\"0\">\n<div><strong>4,00<\/strong><\/div>\n<\/td>\n<\/tr>\n<tr>\n<td><\/td>\n<td bgcolor=\"#ffffff\" width=\"0\">\n<div>Fahrzeug<\/div>\n<\/td>\n<td class=\"rteleft\" valign=\"top\" bgcolor=\"#ffffff\" width=\"0\">\n<div>Sprinter (oder Anh\u00e4nger)<\/div>\n<\/td>\n<\/tr>\n<tr>\n<td><\/td>\n<\/tr>\n<\/tbody>\n<\/table>\n<p>&nbsp;<\/p>\n<\/div>\n<\/div>\n<\/div>\n","protected":false},"excerpt":{"rendered":"<p>Die B\u00fchnenteile, die zum Abholen bereit stehen, sind einfach aufzustellen und erfordern keine besondere technische Kenntnisse. Der erste Miettag wird mit 100% (Tagesmietpreis), jeder weiterer Miettag mit 50% berechnet. Lassen Sie sich ein individuelles Angebot erstellen, falls Sie eine l\u00e4ngerfristige Anmietung beabsichtigen. Selbstverst\u00e4ndlich liefern wir die B\u00fchnenteile auch gegen Aufpreis aus. F\u00fcr die B\u00fchnenelemente stehen &hellip; <a href=\"http:\/\/soundcreation.de\/?page_id=588\" class=\"more-link\"><span class=\"screen-reader-text\">B\u00fchnentechnik zum Abholen<\/span> weiterlesen <span class=\"meta-nav\">&rarr;<\/span><\/a><\/p>\n","protected":false},"author":1,"featured_media":0,"parent":31,"menu_order":0,"comment_status":"closed","ping_status":"closed","template":"","meta":{"footnotes":""},"class_list":["post-588","page","type-page","status-publish","hentry"],"_links":{"self":[{"href":"http:\/\/soundcreation.de\/index.php?rest_route=\/wp\/v2\/pages\/588"}],"collection":[{"href":"http:\/\/soundcreation.de\/index.php?rest_route=\/wp\/v2\/pages"}],"about":[{"href":"http:\/\/soundcreation.de\/index.php?rest_route=\/wp\/v2\/types\/page"}],"author":[{"embeddable":true,"href":"http:\/\/soundcreation.de\/index.php?rest_route=\/wp\/v2\/users\/1"}],"replies":[{"embeddable":true,"href":"http:\/\/soundcreation.de\/index.php?rest_route=%2Fwp%2Fv2%2Fcomments&post=588"}],"version-history":[{"count":4,"href":"http:\/\/soundcreation.de\/index.php?rest_route=\/wp\/v2\/pages\/588\/revisions"}],"predecessor-version":[{"id":882,"href":"http:\/\/soundcreation.de\/index.php?rest_route=\/wp\/v2\/pages\/588\/revisions\/882"}],"up":[{"embeddable":true,"href":"http:\/\/soundcreation.de\/index.php?rest_route=\/wp\/v2\/pages\/31"}],"wp:attachment":[{"href":"http:\/\/soundcreation.de\/index.php?rest_route=%2Fwp%2Fv2%2Fmedia&parent=588"}],"curies":[{"name":"wp","href":"https:\/\/api.w.org\/{rel}","templated":true}]}}