{"id":563,"date":"2016-05-10T16:51:58","date_gmt":"2016-05-10T14:51:58","guid":{"rendered":"http:\/\/s522905431.online.de\/neu\/?page_id=563"},"modified":"2016-08-23T11:41:37","modified_gmt":"2016-08-23T09:41:37","slug":"lichtanlagen-theater","status":"publish","type":"page","link":"http:\/\/soundcreation.de\/?page_id=563","title":{"rendered":"Lichtanlagen Theater"},"content":{"rendered":"<div>\n<p>Die Lichtanlagen, die zum Abholen bereit stehen, sind einfach konzipiert und erfordern keine besondere technische Kenntnisse. Der erste Miettag wird mit 100% (Tagesmietpreis), jeder weiterer Miettag mit 50% berechnet. Lassen Sie sich ein individuelles Angebot erstellen, falls Sie eine l\u00e4ngerfristige Anmietung beabsichtigen.<\/p>\n<\/div>\n<div>Selbstverst\u00e4ndlich liefern wir diese Anlagen auch gegen Aufpreis aus.<\/div>\n<div><\/div>\n<div><\/div>\n<div>\n<table border=\"0\" width=\"100%\" cellspacing=\"1\" cellpadding=\"1\">\n<tbody>\n<tr>\n<td colspan=\"2\" bgcolor=\"#cccccc\">\n<div><b>Lichtanlage T1<\/b><b><br \/>\n<\/b><\/div>\n<\/td>\n<td class=\"rteright\" bgcolor=\"#cccccc\" width=\"200\">\u00a0B\u00fchnengr\u00f6\u00dfe: 6 x 4 m<\/td>\n<\/tr>\n<tr>\n<td colspan=\"2\">\n<div>4 Theaterspot 1000W (Fresnellinse) incl. Torblende<\/div>\n<div>2 Wind-up Stative Eurolite STW370 (4,1m)<\/div>\n<div>1 Dimmerpack LitePuterDX625 6x2000W<\/div>\n<div>1 Kiste Lastkabel 16pol. incl. 2 Plugboxen<\/div>\n<div>1 DMX Steuerleitung 50m (Trommel)<\/div>\n<div>1 Lichtpult Eurolite DMX SceneSetter 12\/24<\/div>\n<div><\/div>\n<div><\/div>\n<div><\/div>\n<div><\/div>\n<div><\/div>\n<\/td>\n<td class=\"rteright\"><img decoding=\"async\" src=\"file:\/\/\/Z:\/B%C3%9CRO\/HOMEPAGE%202009\/Bilder\/Lichtanlagen\/Theater1.jpg\" alt=\"\" \/><img loading=\"lazy\" decoding=\"async\" src=\"http:\/\/dev.soundcreation.de\/files\/image\/Theater1.jpg\" alt=\"\" width=\"198\" height=\"117\" \/><\/td>\n<\/tr>\n<tr>\n<td colspan=\"2\"><\/td>\n<td><\/td>\n<\/tr>\n<tr>\n<td><\/td>\n<td bgcolor=\"#cccccc\" width=\"220\">\n<div><strong>Tagesmietpreis (Netto) in \u20ac<\/strong><\/div>\n<\/td>\n<td class=\"rteright\" align=\"right\" valign=\"top\" bgcolor=\"#cccccc\" width=\"120\">\n<div><strong>66,39<\/strong><\/div>\n<\/td>\n<\/tr>\n<tr>\n<td><\/td>\n<td width=\"0\">zzgl. 19% MwSt.<\/td>\n<td class=\"rteright\" align=\"right\" valign=\"top\" width=\"0\">12,61<\/td>\n<\/tr>\n<tr>\n<td><\/td>\n<td bgcolor=\"#cccccc\" width=\"0\"><strong>Tagesmietpreis (Brutto) in \u20ac<\/strong><\/td>\n<td class=\"rteright\" align=\"right\" valign=\"top\" bgcolor=\"#cccccc\" width=\"0\"><strong>79,00<\/strong><\/td>\n<\/tr>\n<tr>\n<td><\/td>\n<td bgcolor=\"#ffffff\" width=\"0\">Fahrzeug<\/td>\n<td class=\"rteleft\" valign=\"top\" bgcolor=\"#ffffff\" width=\"0\">Kleinbus<\/td>\n<\/tr>\n<tr>\n<td><\/td>\n<td bgcolor=\"#ffffff\" width=\"0\">Stromanschluss<\/td>\n<td class=\"rteleft\" valign=\"top\" bgcolor=\"#ffffff\" width=\"0\">32A CEE Drehstrom<\/td>\n<\/tr>\n<\/tbody>\n<\/table>\n<\/div>\n<p>&nbsp;<\/p>\n<div><\/div>\n<div><\/div>\n<div>\n<table border=\"0\" width=\"100%\" cellspacing=\"1\" cellpadding=\"1\">\n<tbody>\n<tr>\n<td colspan=\"2\" bgcolor=\"#cccccc\">\n<div><b>Lichtanlage T2<\/b><b><br \/>\n<\/b><\/div>\n<\/td>\n<td class=\"rteright\" bgcolor=\"#cccccc\" width=\"200\">\u00a0B\u00fchnengr\u00f6\u00dfe: 10 x 6 m<\/td>\n<\/tr>\n<tr>\n<td colspan=\"2\">\n<div>6 Theaterspot 1000W (Fresnellinse) incl. Torblende<\/div>\n<div>4 Profilscheinwerfer Eurolite FS-600<\/div>\n<div>2 Wind-up Tower Guil 506<\/div>\n<div>8m 3-Punkt-Traverse Globaltruss<br \/>\n2 Dimmerpack LitePuterDX625 6x2000W<\/div>\n<div>1 Kiste Lastkabel 16pol. incl. 2 Plugboxen<\/div>\n<div>1 DMX Steuerleitung 50m (Trommel)<\/div>\n<div>1 Lichtpult Eurolite DMX SceneSetter 12\/24<\/div>\n<div><\/div>\n<div><\/div>\n<div><\/div>\n<div><\/div>\n<div><\/div>\n<\/td>\n<td class=\"rteright\"><img decoding=\"async\" src=\"file:\/\/\/Z:\/B%C3%9CRO\/HOMEPAGE%202009\/Bilder\/Lichtanlagen\/Theater1.jpg\" alt=\"\" \/><img loading=\"lazy\" decoding=\"async\" src=\"http:\/\/dev.soundcreation.de\/files\/image\/theater2.jpg\" alt=\"\" width=\"150\" height=\"117\" \/><\/td>\n<\/tr>\n<tr>\n<td colspan=\"2\"><\/td>\n<td><\/td>\n<\/tr>\n<tr>\n<td><\/td>\n<td bgcolor=\"#cccccc\" width=\"220\">\n<div><strong>Tagesmietpreis (Netto) in \u20ac<\/strong><\/div>\n<\/td>\n<td class=\"rteright\" align=\"right\" valign=\"top\" bgcolor=\"#cccccc\" width=\"120\">\n<div><strong>164,71<\/strong><\/div>\n<\/td>\n<\/tr>\n<tr>\n<td><\/td>\n<td width=\"0\">zzgl. 19% MwSt.<\/td>\n<td class=\"rteright\" align=\"right\" valign=\"top\" width=\"0\">31,29<\/td>\n<\/tr>\n<tr>\n<td><\/td>\n<td bgcolor=\"#cccccc\" width=\"0\"><strong>Tagesmietpreis (Brutto) in \u20ac<\/strong><\/td>\n<td class=\"rteright\" align=\"right\" valign=\"top\" bgcolor=\"#cccccc\" width=\"0\"><strong>196,00<\/strong><\/td>\n<\/tr>\n<tr>\n<td><\/td>\n<td bgcolor=\"#ffffff\" width=\"0\">Fahrzeug<\/td>\n<td class=\"rteleft\" valign=\"top\" bgcolor=\"#ffffff\" width=\"0\">Kleinbus<\/td>\n<\/tr>\n<tr>\n<td><\/td>\n<td bgcolor=\"#ffffff\" width=\"0\">Stromanschluss<\/td>\n<td class=\"rteleft\" valign=\"top\" bgcolor=\"#ffffff\" width=\"0\">32A CEE Drehstrom<\/td>\n<\/tr>\n<\/tbody>\n<\/table>\n<\/div>\n<p>&nbsp;<\/p>\n<div><\/div>\n<div><\/div>\n<div>\n<table border=\"0\" width=\"100%\" cellspacing=\"1\" cellpadding=\"1\">\n<tbody>\n<tr>\n<td colspan=\"2\" bgcolor=\"#cccccc\">\n<div><b>Kleines B\u00fchnenvorhang-Set<\/b><b><br \/>\n<\/b><\/div>\n<\/td>\n<td class=\"rteright\" bgcolor=\"#cccccc\" width=\"200\">\u00a0B\u00fchnengr\u00f6\u00dfe: 6 x 3 m<\/td>\n<\/tr>\n<tr>\n<td colspan=\"2\">\n<div>2 Stative Eurolite STV-40S + Klammer 50mm<\/div>\n<div>2 B\u00fchnenmolton schwarz 3x4m<\/div>\n<div>6m Single-Pipe-Traverse Eurotruss<\/div>\n<div>2 Doppelklammer TPC-55<\/div>\n<div><\/div>\n<div><\/div>\n<div><\/div>\n<div><\/div>\n<div><\/div>\n<\/td>\n<td class=\"rteright\"><img decoding=\"async\" src=\"file:\/\/\/Z:\/B%C3%9CRO\/HOMEPAGE%202009\/Bilder\/Lichtanlagen\/Theater1.jpg\" alt=\"\" \/><img loading=\"lazy\" decoding=\"async\" src=\"http:\/\/dev.soundcreation.de\/files\/image\/vorhangklein.jpg\" alt=\"\" width=\"197\" height=\"114\" \/><\/td>\n<\/tr>\n<tr>\n<td colspan=\"2\"><\/td>\n<td><\/td>\n<\/tr>\n<tr>\n<td><\/td>\n<td bgcolor=\"#cccccc\" width=\"220\">\n<div><strong>Tagesmietpreis (Netto) in \u20ac<\/strong><\/div>\n<\/td>\n<td class=\"rteright\" align=\"right\" valign=\"top\" bgcolor=\"#cccccc\" width=\"120\">\n<div><strong>21,51<\/strong><\/div>\n<\/td>\n<\/tr>\n<tr>\n<td><\/td>\n<td width=\"0\">zzgl. 19% MwSt.<\/td>\n<td class=\"rteright\" align=\"right\" valign=\"top\" width=\"0\">4,49<\/td>\n<\/tr>\n<tr>\n<td><\/td>\n<td bgcolor=\"#cccccc\" width=\"0\"><strong>Tagesmietpreis (Brutto) in \u20ac<\/strong><\/td>\n<td class=\"rteright\" align=\"right\" valign=\"top\" bgcolor=\"#cccccc\" width=\"0\"><strong>26,00<\/strong><\/td>\n<\/tr>\n<tr>\n<td><\/td>\n<td bgcolor=\"#ffffff\" width=\"0\">Fahrzeug<\/td>\n<td class=\"rteleft\" valign=\"top\" bgcolor=\"#ffffff\" width=\"0\">Kombi<\/td>\n<\/tr>\n<tr>\n<td><\/td>\n<td bgcolor=\"#ffffff\" width=\"0\">Stromanschluss<\/td>\n<td class=\"rteleft\" valign=\"top\" bgcolor=\"#ffffff\" width=\"0\">ben\u00f6tigt keinen Stromanschluss<\/td>\n<\/tr>\n<\/tbody>\n<\/table>\n<\/div>\n<p>&nbsp;<\/p>\n","protected":false},"excerpt":{"rendered":"<p>Die Lichtanlagen, die zum Abholen bereit stehen, sind einfach konzipiert und erfordern keine besondere technische Kenntnisse. Der erste Miettag wird mit 100% (Tagesmietpreis), jeder weiterer Miettag mit 50% berechnet. Lassen Sie sich ein individuelles Angebot erstellen, falls Sie eine l\u00e4ngerfristige Anmietung beabsichtigen. Selbstverst\u00e4ndlich liefern wir diese Anlagen auch gegen Aufpreis aus. Lichtanlage T1 \u00a0B\u00fchnengr\u00f6\u00dfe: 6 &hellip; <a href=\"http:\/\/soundcreation.de\/?page_id=563\" class=\"more-link\"><span class=\"screen-reader-text\">Lichtanlagen Theater<\/span> weiterlesen <span class=\"meta-nav\">&rarr;<\/span><\/a><\/p>\n","protected":false},"author":1,"featured_media":0,"parent":27,"menu_order":1,"comment_status":"closed","ping_status":"closed","template":"","meta":{"footnotes":""},"class_list":["post-563","page","type-page","status-publish","hentry"],"_links":{"self":[{"href":"http:\/\/soundcreation.de\/index.php?rest_route=\/wp\/v2\/pages\/563"}],"collection":[{"href":"http:\/\/soundcreation.de\/index.php?rest_route=\/wp\/v2\/pages"}],"about":[{"href":"http:\/\/soundcreation.de\/index.php?rest_route=\/wp\/v2\/types\/page"}],"author":[{"embeddable":true,"href":"http:\/\/soundcreation.de\/index.php?rest_route=\/wp\/v2\/users\/1"}],"replies":[{"embeddable":true,"href":"http:\/\/soundcreation.de\/index.php?rest_route=%2Fwp%2Fv2%2Fcomments&post=563"}],"version-history":[{"count":3,"href":"http:\/\/soundcreation.de\/index.php?rest_route=\/wp\/v2\/pages\/563\/revisions"}],"predecessor-version":[{"id":681,"href":"http:\/\/soundcreation.de\/index.php?rest_route=\/wp\/v2\/pages\/563\/revisions\/681"}],"up":[{"embeddable":true,"href":"http:\/\/soundcreation.de\/index.php?rest_route=\/wp\/v2\/pages\/27"}],"wp:attachment":[{"href":"http:\/\/soundcreation.de\/index.php?rest_route=%2Fwp%2Fv2%2Fmedia&parent=563"}],"curies":[{"name":"wp","href":"https:\/\/api.w.org\/{rel}","templated":true}]}}