{"id":37,"date":"2016-01-11T19:19:16","date_gmt":"2016-01-11T17:19:16","guid":{"rendered":"http:\/\/s522905431.online.de\/neu\/?page_id=37"},"modified":"2016-08-23T12:52:26","modified_gmt":"2016-08-23T10:52:26","slug":"mini-session-2h","status":"publish","type":"page","link":"http:\/\/soundcreation.de\/?page_id=37","title":{"rendered":"Mini-Session (2h)"},"content":{"rendered":"<div>Die Mini-Session ist nicht nur f\u00fcr Tonstudio-Neulinge ein interessantes Angebot. Hierbei handelt es sich um eine kleine Aufnahmeeinheit eines\u00a0 Songs mit einer \u00fcberschaubarer Anzahl an Mikrofonen und Tonspuren.<\/div>\n<div><\/div>\n<div>Die Mini-Session eignet sich u.a. f\u00fcr:<\/div>\n<ul>\n<li>S\u00e4nger\/-Innen, die einen Song zum Playback einsingen m\u00f6chten<\/li>\n<li>Singer\/Songwriter, die ihr Lied zu eigener Begleitung mit z.B. Gitarre oder E-Piano aufnehmen wollen<\/li>\n<li>kleinere Schulch\u00f6re oder Kindergarten-Gruppen<\/li>\n<li>\n<div>kleine Intrumental\/Gesang-Ensembles (ohne Schlagzeug)<\/div>\n<\/li>\n<li>\n<div>einzelnes Gesangs-Demo (zur Bewerbung bei Bands oder Castings)<\/div>\n<\/li>\n<\/ul>\n<div><em>Nur bedingt bzw. nicht geeignet ist die Mini-Session f\u00fcr professionelle Band-Demos mit mehreren Titeln und Aufnahmen, die mehr als 8 Tonspuren erfordern wie z.B. Schlagzeug oder mehrstimmige Ch\u00f6re, etc.<\/em><\/div>\n<div><em>(siehe hierzu bitte: <\/em><a href=\"http:\/\/www.dev.soundcreation.de\/Band-Session\"><em>Band-Demo<\/em><\/a><em> oder <\/em><a href=\"http:\/\/www.dev.soundcreation.de\/Preisliste%20Studio\"><em>Einzelpreisliste Studio<\/em><\/a><em>)<\/em><\/div>\n<div><\/div>\n<div>Das Angebot f\u00fcr 79 \u20ac beinhaltet folgende Leistungen:<\/div>\n<div><\/div>\n<div>\n<table border=\"0\" cellspacing=\"1\" cellpadding=\"1\">\n<tbody>\n<tr>\n<td>\n<div><strong>Mini-Session <\/strong>(2h Aufnahme incl. Mix\/Mastering)<\/div>\n<\/td>\n<td>\n<div><strong>\u00a0\u00a0\u00a0\u00a0\u00a0\u00a0\u00a0\u00a0\u00a0\u00a0\u00a0\u00a0\u00a0\u00a0\u00a0\u00a0\u00a0\u00a0\u00a0\u00a0\u00a0\u00a0 79 \u20ac<\/strong><\/div>\n<\/td>\n<\/tr>\n<\/tbody>\n<\/table>\n<\/div>\n<table border=\"1\" cellspacing=\"1\" cellpadding=\"1\">\n<tbody>\n<tr>\n<td><em>Leistung<br \/>\n<\/em><\/td>\n<td><em>Beschreibung<\/em><\/td>\n<td><em>Zeit<\/em>aufwand<\/td>\n<\/tr>\n<tr>\n<td><strong>Vorbereitung<\/strong><\/td>\n<td>kurze Einweisung, Aufbau, Kopfh\u00f6rermix, evtl. \u00fcberspielen des Playbacks, etc.<\/td>\n<td>15 min<\/td>\n<\/tr>\n<tr>\n<td><strong>Aufnahme<\/strong><\/td>\n<td>mehrmaliges einsingen und\/oder einspielen des St\u00fcckes auf mehrere Tonspuren<\/td>\n<td>75 min<\/td>\n<\/tr>\n<tr>\n<td><strong>Mixdown<\/strong><\/td>\n<td>Auswahl, Bearbeitung (Mix, Sound, Hall, Schnitt, etc.), \u00fcberspielen auf CD-Rohling<\/td>\n<td>30 min<\/td>\n<\/tr>\n<\/tbody>\n<\/table>\n<div>\u00a0<strong><br \/>\n<\/strong><\/div>\n<div>In diesem Angebot nicht enthalten sind Leistungen wie das Erstellen und Layout eines CD-Covers oder CD-Print, das Vervielf\u00e4ltigen\/Pressen gr\u00f6sserer CD-Mengen, ein professionelles End-Mastering, das Anfertigen von Playbacks oder das Einspielen von Instumentalspuren seitens der Firma Soundcreation.<\/div>\n<div>Playbacks und Instrumente werden i.d. Regel selbst mitgebracht, k\u00f6nnen aber nach vorheriger Absprache auch ggf. von uns gestellt bzw. besorgt werden.<\/div>\n<div>Die ben\u00f6tigten Mikrofone und sonstige Studiotechnik stellen wir nat\u00fcrlich zur Verf\u00fcgung.<\/div>\n<div><\/div>\n<div><\/div>\n<div>Hier einige Beispiele f\u00fcr typische Mini-Sessions:<\/div>\n<div><\/div>\n<div>Beispiele (-in Arbeit \ud83d\ude42<\/div>\n<p>(siehe auch <a href=\"\/?p=639\">Einzelpreisliste Studio<\/a>)<\/p>\n<\/div>\n<\/div>\n<\/div>\n","protected":false},"excerpt":{"rendered":"<p>Die Mini-Session ist nicht nur f\u00fcr Tonstudio-Neulinge ein interessantes Angebot. Hierbei handelt es sich um eine kleine Aufnahmeeinheit eines\u00a0 Songs mit einer \u00fcberschaubarer Anzahl an Mikrofonen und Tonspuren. Die Mini-Session eignet sich u.a. f\u00fcr: S\u00e4nger\/-Innen, die einen Song zum Playback einsingen m\u00f6chten Singer\/Songwriter, die ihr Lied zu eigener Begleitung mit z.B. Gitarre oder E-Piano aufnehmen &hellip; <a href=\"http:\/\/soundcreation.de\/?page_id=37\" class=\"more-link\"><span class=\"screen-reader-text\">Mini-Session (2h)<\/span> weiterlesen <span class=\"meta-nav\">&rarr;<\/span><\/a><\/p>\n","protected":false},"author":1,"featured_media":0,"parent":35,"menu_order":0,"comment_status":"closed","ping_status":"open","template":"","meta":{"footnotes":""},"class_list":["post-37","page","type-page","status-publish","hentry"],"_links":{"self":[{"href":"http:\/\/soundcreation.de\/index.php?rest_route=\/wp\/v2\/pages\/37"}],"collection":[{"href":"http:\/\/soundcreation.de\/index.php?rest_route=\/wp\/v2\/pages"}],"about":[{"href":"http:\/\/soundcreation.de\/index.php?rest_route=\/wp\/v2\/types\/page"}],"author":[{"embeddable":true,"href":"http:\/\/soundcreation.de\/index.php?rest_route=\/wp\/v2\/users\/1"}],"replies":[{"embeddable":true,"href":"http:\/\/soundcreation.de\/index.php?rest_route=%2Fwp%2Fv2%2Fcomments&post=37"}],"version-history":[{"count":3,"href":"http:\/\/soundcreation.de\/index.php?rest_route=\/wp\/v2\/pages\/37\/revisions"}],"predecessor-version":[{"id":688,"href":"http:\/\/soundcreation.de\/index.php?rest_route=\/wp\/v2\/pages\/37\/revisions\/688"}],"up":[{"embeddable":true,"href":"http:\/\/soundcreation.de\/index.php?rest_route=\/wp\/v2\/pages\/35"}],"wp:attachment":[{"href":"http:\/\/soundcreation.de\/index.php?rest_route=%2Fwp%2Fv2%2Fmedia&parent=37"}],"curies":[{"name":"wp","href":"https:\/\/api.w.org\/{rel}","templated":true}]}}