{"id":35,"date":"2016-01-11T19:18:11","date_gmt":"2016-01-11T17:18:11","guid":{"rendered":"http:\/\/s522905431.online.de\/neu\/?page_id=35"},"modified":"2016-08-23T14:07:09","modified_gmt":"2016-08-23T12:07:09","slug":"tonstudio","status":"publish","type":"page","link":"http:\/\/soundcreation.de\/?page_id=35","title":{"rendered":"Tonstudio"},"content":{"rendered":"<table>\n<tr>\n<td>\nVon der einfachen Demo-Aufnahme bis hin zur kompletten Albumproduktion mit Mastering, im 33m\u00b2grossen Soundcreation-Studio sind Sie an der richtigen Adresse. Moderne Aufnahmetechnik (u.a. mit Pro-Tools), eine breite Auswahl an hochwertigen Mikrofonen, Effekt- und Dynamikprozessoren sowie ein erfahrenes und engagiertes Team stehen bei uns f\u00fcr Sie bereit.<\/div>\n<div><\/div>\n<div>Egal ob Gesangs- oder Instrumental-Demo, zum Playback gesungen oder selbst eingespielt mit Gitarre\/Klavier, vertonte Liebeserkl\u00e4rung oder aussergew\u00f6hnliche Geschenkidee f\u00fcr Freunde\/Eltern\/Gro\u00dfeltern\/Kollegen&#8230;<\/div>\n<div>Um einmal Studioluft zu schnuppern ist unser <a href=\"\/?p=37\">Mini-Session<\/a>-Angebot f\u00fcr nur 79 \u20ac genau das richtige.<\/div>\n<div><\/div>\n<div>Ihr spielt in einer Band und wollt eine erste CD\/EP aufnehmen? Oder ihr ben\u00f6tigt ein professionelles Demo um euch bei Konzertveranstaltern und Plattenfirmen zu bewerben? Dann solltet ihr euch unser <a href=\"\/?p=633\">Band-Demo<\/a>-Angebot\u00a0 f\u00fcr 690 \u20ac einmal ansehen.<\/div>\n<div><\/div>\n<div>Ihr gro\u00dfes Live-Konzert steht an und sie w\u00fcrden dieses einmalige Ereignis gerne professionell auf CD festhalten? Egal ob Chor-Ensemble oder Rockband, bei uns profitieren sie von unserer langj\u00e4hrigen Erfahrung im Bereich <a href=\"\/?p=636\">Live-Mitschnitt.<\/a><\/div>\n<div><\/div>\n<div>Sie wollen Mix und Nachbearbeitung selbst in die Hand nehmen und ihnen fehlt nur das entsprechende Equipment und ein passender Aufnahmeraum? Kein Problem, eine gute \u00dcbersicht \u00fcber unsere diversen Einzelleistungen bietet unsere <a href=\"\/?p=636\">Studio-Preisliste<\/a>.<\/div>\n<\/td>\n<\/tr>\n<tr>\n<td>\n<a href=\"\/?p=37\">Mini-Session (2h)<\/a><br \/>\n<a href=\"\/?p=633\">Band-Session (8h + 10h)<\/a><br \/>\n<a href=\"\/?p=636\">Live-Mitschitt<\/a><br \/>\n<a href=\"\/?p=638\">Preisliste Studio<\/a>\n<\/td>\n<\/tr>\n<\/table>\n","protected":false},"excerpt":{"rendered":"<p>Von der einfachen Demo-Aufnahme bis hin zur kompletten Albumproduktion mit Mastering, im 33m\u00b2grossen Soundcreation-Studio sind Sie an der richtigen Adresse. Moderne Aufnahmetechnik (u.a. mit Pro-Tools), eine breite Auswahl an hochwertigen Mikrofonen, Effekt- und Dynamikprozessoren sowie ein erfahrenes und engagiertes Team stehen bei uns f\u00fcr Sie bereit. Egal ob Gesangs- oder Instrumental-Demo, zum Playback gesungen oder &hellip; <a href=\"http:\/\/soundcreation.de\/?page_id=35\" class=\"more-link\"><span class=\"screen-reader-text\">Tonstudio<\/span> weiterlesen <span class=\"meta-nav\">&rarr;<\/span><\/a><\/p>\n","protected":false},"author":1,"featured_media":0,"parent":0,"menu_order":5,"comment_status":"closed","ping_status":"open","template":"","meta":{"footnotes":""},"class_list":["post-35","page","type-page","status-publish","hentry"],"_links":{"self":[{"href":"http:\/\/soundcreation.de\/index.php?rest_route=\/wp\/v2\/pages\/35"}],"collection":[{"href":"http:\/\/soundcreation.de\/index.php?rest_route=\/wp\/v2\/pages"}],"about":[{"href":"http:\/\/soundcreation.de\/index.php?rest_route=\/wp\/v2\/types\/page"}],"author":[{"embeddable":true,"href":"http:\/\/soundcreation.de\/index.php?rest_route=\/wp\/v2\/users\/1"}],"replies":[{"embeddable":true,"href":"http:\/\/soundcreation.de\/index.php?rest_route=%2Fwp%2Fv2%2Fcomments&post=35"}],"version-history":[{"count":8,"href":"http:\/\/soundcreation.de\/index.php?rest_route=\/wp\/v2\/pages\/35\/revisions"}],"predecessor-version":[{"id":698,"href":"http:\/\/soundcreation.de\/index.php?rest_route=\/wp\/v2\/pages\/35\/revisions\/698"}],"wp:attachment":[{"href":"http:\/\/soundcreation.de\/index.php?rest_route=%2Fwp%2Fv2%2Fmedia&parent=35"}],"curies":[{"name":"wp","href":"https:\/\/api.w.org\/{rel}","templated":true}]}}