{"id":33,"date":"2016-01-11T19:17:28","date_gmt":"2016-01-11T17:17:28","guid":{"rendered":"http:\/\/s522905431.online.de\/neu\/?page_id=33"},"modified":"2022-03-30T21:29:09","modified_gmt":"2022-03-30T19:29:09","slug":"rundbogenbuehne-6x-4m","status":"publish","type":"page","link":"http:\/\/soundcreation.de\/?page_id=33","title":{"rendered":"Rundbogenb\u00fchne 6 x 4m"},"content":{"rendered":"<p><a href=\"http:\/\/soundcreation.de\/wp-content\/uploads\/2016\/01\/6x4-Rundbogenb\u00fchne-1000Pix-1.jpg\"><img loading=\"lazy\" decoding=\"async\" class=\"alignnone size-full wp-image-950\" src=\"http:\/\/soundcreation.de\/wp-content\/uploads\/2016\/01\/6x4-Rundbogenb\u00fchne-1000Pix-1.jpg\" alt=\"\" width=\"1000\" height=\"649\" srcset=\"http:\/\/soundcreation.de\/wp-content\/uploads\/2016\/01\/6x4-Rundbogenb\u00fchne-1000Pix-1.jpg 1000w, http:\/\/soundcreation.de\/wp-content\/uploads\/2016\/01\/6x4-Rundbogenb\u00fchne-1000Pix-1-300x195.jpg 300w, http:\/\/soundcreation.de\/wp-content\/uploads\/2016\/01\/6x4-Rundbogenb\u00fchne-1000Pix-1-768x498.jpg 768w\" sizes=\"(max-width: 1000px) 100vw, 1000px\" \/><\/a><\/p>\n<table border=\"0\" width=\"100%\" cellspacing=\"1\" cellpadding=\"1\">\n<tbody>\n<tr>\n<td colspan=\"2\" bgcolor=\"#cccccc\">\n<div><b>B\u00fchnendach<br \/>\n<\/b><\/div>\n<\/td>\n<td bgcolor=\"#cccccc\" width=\"120\">6 x 4,60 m<\/td>\n<\/tr>\n<tr>\n<td colspan=\"2\">\n<div>1 Traversenaufbau Breite 6,00 m L\u00e4nge: 4,60m, Firsth\u00f6he 4m<\/div>\n<div>1 Dachplane hellgrau<\/div>\n<div>1 R\u00fcckverkleidung schwarz<\/div>\n<div>1 Erdspie\u00df<\/div>\n<div>2 Wassertanks 600L<\/div>\n<\/td>\n<td><img loading=\"lazy\" decoding=\"async\" class=\"aligncenter\" src=\"http:\/\/www.dev.soundcreation.de\/files\/image\/B%C3%BChne%2002b%20-%206x4mklein.jpg\" alt=\"\" width=\"89\" height=\"80\" \/><a href=\"http:\/\/soundcreation.de\/wp-content\/uploads\/2018\/01\/6x4-Rundbogenb\u00fchne.jpg\"><img loading=\"lazy\" decoding=\"async\" class=\"size-full wp-image-945 aligncenter\" src=\"http:\/\/soundcreation.de\/wp-content\/uploads\/2018\/01\/6x4-Rundbogenb\u00fchne.jpg\" alt=\"\" width=\"180\" height=\"116\" \/><\/a><\/td>\n<\/tr>\n<tr>\n<td colspan=\"2\" bgcolor=\"#cccccc\">\n<div><b>B\u00fchnenpodest<br \/>\n<\/b><\/div>\n<\/td>\n<td bgcolor=\"#cccccc\">\n<div>6 x 4 m<\/div>\n<\/td>\n<\/tr>\n<tr>\n<td colspan=\"2\">\n<div>12 B\u00fchnentische 2 x 1 m (H\u00f6he 0,6 m)<\/div>\n<div>Spielfl\u00e4che 5,40m x 4,00 m<\/div>\n<div>6 m Gel\u00e4nder<\/div>\n<div>1 Treppe<\/div>\n<div>1 Frontverkleidung schwarz<\/div>\n<\/td>\n<td><img decoding=\"async\" src=\"http:\/\/www.dev.soundcreation.de\/files\/image\/pod-gel-trepp.jpg\" alt=\"\" \/><\/td>\n<\/tr>\n<tr>\n<td colspan=\"2\" bgcolor=\"#cccccc\"><strong>Personal<br \/>\n<\/strong><\/td>\n<td bgcolor=\"#cccccc\"><\/td>\n<\/tr>\n<tr>\n<td colspan=\"2\">\n<div>3 Personen<\/div>\n<div>Aufbauzeit ca. 4 Stunden<\/div>\n<div>Abbauzeit ca. 3 Stunden<\/div>\n<div><strong>Auf-und Abbbau finden in der Regel einen Tag vor bzw. nach der Veranstaltung statt.<\/strong><\/div>\n<\/td>\n<td><\/td>\n<\/tr>\n<tr>\n<td colspan=\"2\" bgcolor=\"#cccccc\"><strong>Transport<\/strong><\/td>\n<td bgcolor=\"#cccccc\"><\/td>\n<\/tr>\n<tr>\n<td colspan=\"2\">\n<div>2 x FIAT Ducato bis 15 KM von 64658 F\u00fcrth<\/div>\n<div><strong>Jeder weitere KM wird mit 1,50 EUR berechnet<\/strong><\/div>\n<\/td>\n<td><\/td>\n<\/tr>\n<tr>\n<td colspan=\"2\"><\/td>\n<td><\/td>\n<\/tr>\n<tr>\n<td><\/td>\n<td bgcolor=\"#cccccc\" width=\"345\">\n<div><strong>Nettopreis in \u20ac<\/strong>\u00a0\u00a0\u00a0\u00a0\u00a0\u00a0\u00a0\u00a0\u00a0\u00a0\u00a0\u00a0\u00a0\u00a0\u00a0\u00a0\u00a0\u00a0\u00a0\u00a0\u00a0\u00a0\u00a0\u00a0\u00a0\u00a0\u00a0\u00a0\u00a0 <strong>1 Miettag<\/strong><\/div>\n<\/td>\n<td align=\"right\" valign=\"top\" bgcolor=\"#cccccc\" width=\"0\">\n<div><strong>1000,00<\/strong><\/div>\n<\/td>\n<\/tr>\n<tr>\n<td><\/td>\n<td width=\"0\">zzgl. 19% MwSt.<\/td>\n<td align=\"right\" valign=\"top\" width=\"0\">190,00<\/td>\n<\/tr>\n<tr>\n<td><\/td>\n<td bgcolor=\"#cccccc\" width=\"0\"><strong>Bruttopreis in \u20ac<\/strong><strong>\u00a0\u00a0\u00a0\u00a0\u00a0\u00a0\u00a0\u00a0\u00a0\u00a0\u00a0\u00a0\u00a0\u00a0\u00a0\u00a0\u00a0\u00a0\u00a0\u00a0\u00a0\u00a0\u00a0\u00a0\u00a0\u00a0\u00a0 1 Miettag<\/strong><\/td>\n<td align=\"right\" valign=\"top\" bgcolor=\"#cccccc\" width=\"0\"><strong>1190,00<\/strong><\/td>\n<\/tr>\n<\/tbody>\n<\/table>\n<h2><\/h2>\n<table border=\"0\" width=\"100%\" cellspacing=\"1\" cellpadding=\"1\">\n<tbody>\n<tr>\n<td><\/td>\n<td bgcolor=\"#cccccc\" width=\"345\">\n<div><strong>Nettopreis in \u20ac<\/strong>\u00a0\u00a0\u00a0\u00a0\u00a0\u00a0\u00a0\u00a0\u00a0\u00a0\u00a0\u00a0\u00a0\u00a0\u00a0\u00a0\u00a0\u00a0\u00a0\u00a0\u00a0\u00a0\u00a0\u00a0\u00a0 \u00a0 \u00a0 <strong>2<\/strong><strong> Miettage<\/strong><\/div>\n<\/td>\n<td align=\"right\" valign=\"top\" bgcolor=\"#cccccc\" width=\"0\">\n<div><strong>1100,00<\/strong><\/div>\n<\/td>\n<\/tr>\n<tr>\n<td><\/td>\n<td width=\"0\">zzgl. 19% MwSt.<\/td>\n<td align=\"right\" valign=\"top\" width=\"0\">209,00<\/td>\n<\/tr>\n<tr>\n<td><\/td>\n<td bgcolor=\"#cccccc\" width=\"0\"><strong>Bruttopreis in \u20ac<\/strong>\u00a0\u00a0\u00a0\u00a0\u00a0\u00a0\u00a0\u00a0\u00a0\u00a0\u00a0\u00a0\u00a0\u00a0\u00a0\u00a0\u00a0\u00a0\u00a0\u00a0\u00a0\u00a0\u00a0\u00a0\u00a0\u00a0\u00a0 <strong>2<\/strong><strong> Miettage<\/strong><\/td>\n<td align=\"right\" valign=\"top\" bgcolor=\"#cccccc\" width=\"0\"><strong>1309,00<\/strong><\/td>\n<\/tr>\n<\/tbody>\n<\/table>\n<table border=\"0\" width=\"100%\" cellspacing=\"1\" cellpadding=\"1\">\n<tbody>\n<tr>\n<td><\/td>\n<td bgcolor=\"#cccccc\" width=\"345\">\n<div><strong>Nettopreis in \u20ac<\/strong>\u00a0\u00a0\u00a0\u00a0\u00a0\u00a0\u00a0\u00a0\u00a0\u00a0\u00a0\u00a0\u00a0\u00a0\u00a0\u00a0\u00a0\u00a0\u00a0\u00a0\u00a0\u00a0\u00a0\u00a0\u00a0\u00a0\u00a0\u00a0\u00a0 <strong>3 <\/strong><strong>Miettage<\/strong><\/div>\n<\/td>\n<td align=\"right\" valign=\"top\" bgcolor=\"#cccccc\" width=\"0\">\n<div><strong>1200,00<\/strong><\/div>\n<\/td>\n<\/tr>\n<tr>\n<td><\/td>\n<td width=\"0\">zzgl. 19% MwSt.<\/td>\n<td align=\"right\" valign=\"top\" width=\"0\">228,00<\/td>\n<\/tr>\n<tr>\n<td><\/td>\n<td bgcolor=\"#cccccc\" width=\"0\"><strong>Bruttopreis in \u20ac<\/strong> \u00a0 \u00a0 \u00a0 \u00a0 \u00a0 \u00a0 \u00a0 \u00a0 \u00a0 \u00a0 \u00a0 \u00a0 \u00a0 \u00a0 <strong>3<\/strong><strong> Miettage<\/strong><\/td>\n<td align=\"right\" valign=\"top\" bgcolor=\"#cccccc\" width=\"0\"><strong>1428,00<\/strong><\/td>\n<\/tr>\n<\/tbody>\n<\/table>\n<div><\/div>\n<div><strong>Technische Voraussetzungen und Vereinbarungen zum Ablauf der Veranstaltung:<\/strong><\/div>\n<ul>\n<li style=\"list-style-type: none;\">\n<ul>\n<li><b>Bodenbeschaffenheit:<\/b><\/li>\n<\/ul>\n<\/li>\n<\/ul>\n<div>Der vorgesehene Stellplatz f\u00fcr die B\u00fchne muss ebenerdig und mit festem Untergrund (Asphalt oder \u00e4hnlich) sein. Er darf keine gro\u00dfen Vertiefungen aufweisen. Ist das nicht gegeben, wird ein Aufpreis berechnet.<\/div>\n<div><\/div>\n<ul>\n<li style=\"list-style-type: none;\">\n<ul>\n<li><b>Wassertanks<\/b><\/li>\n<\/ul>\n<\/li>\n<\/ul>\n<div>Das B\u00fchnendach wird mit zwei Wassertanks beschwert. Der Veranstalter verpflichtet sich die Wassertanks entsprechend zu f\u00fcllen, sobald das B\u00fchnendach installiert ist.<\/div>\n<div><\/div>\n<ul>\n<li style=\"list-style-type: none;\">\n<ul>\n<li><b>Zufahrt und Auf- und Abbau<\/b><\/li>\n<\/ul>\n<\/li>\n<\/ul>\n<div>Der Veranstalter sorgt f\u00fcr die freie Zufahrt (Transporter 3,5T) zum Aufbauort w\u00e4hrend der Auf- und Abbaut\u00e4tigkeiten.<\/div>\n<div><\/div>\n<div><b>W\u00e4hrend der gesamten Einbringungsdauer \u00fcbernimmt der Auftraggeber die Sicherung und Bewachung sowie die uneingeschr\u00e4nkte Haftung f\u00fcr ALLE, auch durch Dritte verursachten Sch\u00e4den, an den von uns eingebrachten Anlagen, insbesondere bei Verlusten durch Diebstahl. Auch f\u00fcr Sch\u00e4den, die durch \u00dcberspannung (keine korrekte Stromquelle) oder durch Blitzschlag an unserer Anlagen entstehen, haftet der Veranstalter.<\/b><\/div>\n<p><a href=\"mailto:info@soundcreation.de?subject=Anfrage%20Rundbogenb%C3%BChne%208%20x%204%20m\">Email-Anfrage<\/a><\/p>\n","protected":false},"excerpt":{"rendered":"<p>B\u00fchnendach 6 x 4,60 m 1 Traversenaufbau Breite 6,00 m L\u00e4nge: 4,60m, Firsth\u00f6he 4m 1 Dachplane hellgrau 1 R\u00fcckverkleidung schwarz 1 Erdspie\u00df 2 Wassertanks 600L B\u00fchnenpodest 6 x 4 m 12 B\u00fchnentische 2 x 1 m (H\u00f6he 0,6 m) Spielfl\u00e4che 5,40m x 4,00 m 6 m Gel\u00e4nder 1 Treppe 1 Frontverkleidung schwarz Personal 3 Personen &hellip; <a href=\"http:\/\/soundcreation.de\/?page_id=33\" class=\"more-link\"><span class=\"screen-reader-text\">Rundbogenb\u00fchne 6 x 4m<\/span> weiterlesen <span class=\"meta-nav\">&rarr;<\/span><\/a><\/p>\n","protected":false},"author":1,"featured_media":0,"parent":31,"menu_order":0,"comment_status":"closed","ping_status":"open","template":"","meta":{"footnotes":""},"class_list":["post-33","page","type-page","status-publish","hentry"],"_links":{"self":[{"href":"http:\/\/soundcreation.de\/index.php?rest_route=\/wp\/v2\/pages\/33"}],"collection":[{"href":"http:\/\/soundcreation.de\/index.php?rest_route=\/wp\/v2\/pages"}],"about":[{"href":"http:\/\/soundcreation.de\/index.php?rest_route=\/wp\/v2\/types\/page"}],"author":[{"embeddable":true,"href":"http:\/\/soundcreation.de\/index.php?rest_route=\/wp\/v2\/users\/1"}],"replies":[{"embeddable":true,"href":"http:\/\/soundcreation.de\/index.php?rest_route=%2Fwp%2Fv2%2Fcomments&post=33"}],"version-history":[{"count":13,"href":"http:\/\/soundcreation.de\/index.php?rest_route=\/wp\/v2\/pages\/33\/revisions"}],"predecessor-version":[{"id":1007,"href":"http:\/\/soundcreation.de\/index.php?rest_route=\/wp\/v2\/pages\/33\/revisions\/1007"}],"up":[{"embeddable":true,"href":"http:\/\/soundcreation.de\/index.php?rest_route=\/wp\/v2\/pages\/31"}],"wp:attachment":[{"href":"http:\/\/soundcreation.de\/index.php?rest_route=%2Fwp%2Fv2%2Fmedia&parent=33"}],"curies":[{"name":"wp","href":"https:\/\/api.w.org\/{rel}","templated":true}]}}