{"id":29,"date":"2016-01-11T19:15:58","date_gmt":"2016-01-11T17:15:58","guid":{"rendered":"http:\/\/s522905431.online.de\/neu\/?page_id=29"},"modified":"2016-01-15T10:32:34","modified_gmt":"2016-01-15T08:32:34","slug":"lichtanlagen-konzert","status":"publish","type":"page","link":"http:\/\/soundcreation.de\/?page_id=29","title":{"rendered":"Lichtanlagen Konzert"},"content":{"rendered":"<div>Die Lichtanlagen, die zum Abholen bereit stehen, sind einfach konzipiert und erfordern keine besondere technische Kenntnisse. Der erste Miettag wird mit 100% (Tagesmietpreis), jeder weiterer Miettag mit 50% berechnet. Lassen Sie sich ein individuelles Angebot erstellen, falls Sie eine l\u00e4ngerfristige Anmietung beabsichtigen.<\/div>\n<div>Selbstverst\u00e4ndlich liefern wir diese Anlagen auch gegen Aufpreis aus.<\/div>\n<div><\/div>\n<div><\/div>\n<div>\n<table border=\"0\" width=\"100%\" cellspacing=\"1\" cellpadding=\"1\">\n<tbody>\n<tr>\n<td colspan=\"2\" bgcolor=\"#cccccc\">\n<div><b>Lichtanlage 1<\/b><b><br \/>\n<\/b><\/div>\n<\/td>\n<td bgcolor=\"#cccccc\" width=\"200\">\u00a0B\u00fchnengr\u00f6\u00dfe: 4 x 3 m<\/td>\n<\/tr>\n<tr>\n<td colspan=\"2\">\n<div>2 4er Bar PAR-56\u00a0 4 x 300W<\/div>\n<div>2 Stative 3m<\/div>\n<div>1 Lichtsteuerung\/Dimmer Eurolite LCD-4<\/div>\n<div>2 Lastkabel 6pol\/4 x Schuko 10m<\/div>\n<div><\/div>\n<div><\/div>\n<div><\/div>\n<div><\/div>\n<div><\/div>\n<\/td>\n<td><img decoding=\"async\" src=\"http:\/\/www.dev.soundcreation.de\/files\/image\/Lichtanlage%201.jpg\" alt=\"\" \/><\/td>\n<\/tr>\n<tr>\n<td colspan=\"2\"><\/td>\n<td><\/td>\n<\/tr>\n<tr>\n<td><\/td>\n<td bgcolor=\"#cccccc\" width=\"220\">\n<div><strong>Tagesmietpreis (Netto) in \u20ac<\/strong><\/div>\n<\/td>\n<td align=\"right\" valign=\"top\" bgcolor=\"#cccccc\" width=\"120\">\n<div><strong>25,21<\/strong><\/div>\n<\/td>\n<\/tr>\n<tr>\n<td><\/td>\n<td width=\"0\">zzgl. 19% MwSt.<\/td>\n<td align=\"right\" valign=\"top\" width=\"0\">4,79<\/td>\n<\/tr>\n<tr>\n<td><\/td>\n<td bgcolor=\"#cccccc\" width=\"0\"><strong>Tagesmietpreis (Brutto) in \u20ac<\/strong><\/td>\n<td align=\"right\" valign=\"top\" bgcolor=\"#cccccc\" width=\"0\"><strong>30,00<\/strong><\/td>\n<\/tr>\n<tr>\n<td><\/td>\n<td bgcolor=\"#ffffff\" width=\"0\">Fahrzeug<\/td>\n<td valign=\"top\" bgcolor=\"#ffffff\" width=\"0\">PKW<\/td>\n<\/tr>\n<tr>\n<td><\/td>\n<td bgcolor=\"#ffffff\" width=\"0\">Stromanschluss<\/td>\n<td valign=\"top\" bgcolor=\"#ffffff\" width=\"0\">230V\/16A Schuko<\/td>\n<\/tr>\n<\/tbody>\n<\/table>\n<\/div>\n<p>&nbsp;<\/p>\n<div><\/div>\n<div>\n<table border=\"0\" width=\"100%\" cellspacing=\"1\" cellpadding=\"1\">\n<tbody>\n<tr>\n<td colspan=\"2\" bgcolor=\"#cccccc\">\n<div><b>Lichtanlage 2<\/b><b><br \/>\n<\/b><\/div>\n<\/td>\n<td bgcolor=\"#cccccc\" width=\"200\">\u00a0B\u00fchnengr\u00f6\u00dfe: 8 x 4 m<\/td>\n<\/tr>\n<tr>\n<td colspan=\"2\">\n<div>2 4er Bar PAR-64\u00a0 4 x 500W<\/div>\n<div>2 Wind-up Stative Eurolite STW 370<br \/>\n1 Dimmerpack LitePuter DX625 6x2000W<\/div>\n<div>1 Kiste Lastkabel 10pol.<\/div>\n<div>1 Lichtpult DMX Scene Setter 12\/24<\/div>\n<div>1 DMX-Steuerleitung 50m Trommel<\/div>\n<div><\/div>\n<div><\/div>\n<div><\/div>\n<div><\/div>\n<\/td>\n<td><img loading=\"lazy\" decoding=\"async\" src=\"http:\/\/www.dev.soundcreation.de\/files\/lichtanlage2.jpg\" alt=\"\" width=\"198\" height=\"114\" \/><\/td>\n<\/tr>\n<tr>\n<td colspan=\"2\"><\/td>\n<td><\/td>\n<\/tr>\n<tr>\n<td><\/td>\n<td bgcolor=\"#cccccc\" width=\"220\">\n<div><strong>Tagesmietpreis (Netto) in \u20ac<\/strong><\/div>\n<\/td>\n<td align=\"right\" valign=\"top\" bgcolor=\"#cccccc\" width=\"120\">\n<div><strong>58,82<\/strong><\/div>\n<\/td>\n<\/tr>\n<tr>\n<td><\/td>\n<td width=\"0\">zzgl. 19% MwSt.<\/td>\n<td align=\"right\" valign=\"top\" width=\"0\">11,18<\/td>\n<\/tr>\n<tr>\n<td><\/td>\n<td bgcolor=\"#cccccc\" width=\"0\"><strong>Tagesmietpreis (Brutto) in \u20ac<\/strong><\/td>\n<td align=\"right\" valign=\"top\" bgcolor=\"#cccccc\" width=\"0\"><strong>70,00<\/strong><\/td>\n<\/tr>\n<tr>\n<td><\/td>\n<td bgcolor=\"#ffffff\" width=\"0\">Fahrzeug<\/td>\n<td valign=\"top\" bgcolor=\"#ffffff\" width=\"0\">Kombi<\/td>\n<\/tr>\n<tr>\n<td><\/td>\n<td bgcolor=\"#ffffff\" width=\"0\">Stromanschluss<\/td>\n<td valign=\"top\" bgcolor=\"#ffffff\" width=\"0\">32A CEE Drehstrom<\/td>\n<\/tr>\n<\/tbody>\n<\/table>\n<\/div>\n<p>&nbsp;<\/p>\n<div><\/div>\n<div>\n<table border=\"0\" width=\"100%\" cellspacing=\"1\" cellpadding=\"1\">\n<tbody>\n<tr>\n<td colspan=\"2\" bgcolor=\"#cccccc\">\n<div><b>Lichtanlage 3<\/b><b><br \/>\n<\/b><\/div>\n<\/td>\n<td bgcolor=\"#cccccc\" width=\"200\">\u00a0B\u00fchnengr\u00f6\u00dfe: 8 x 6 m<\/td>\n<\/tr>\n<tr>\n<td colspan=\"2\">\n<div>2 6er Bar PAR-64\u00a0 6 x 500W<\/div>\n<div>2 Wind-up Stative Eurolite STW 370<br \/>\n1 Dimmerpack LitePuter DX625 6x2000W<\/div>\n<div>1 Kiste Lastkabel 16pol.<\/div>\n<div>1 Lichtpult DMX Scene Setter 12\/24<\/div>\n<div>1 DMX-Steuerleitung 50m Trommel<\/div>\n<div><\/div>\n<div><\/div>\n<div><\/div>\n<div><\/div>\n<\/td>\n<td><img loading=\"lazy\" decoding=\"async\" src=\"http:\/\/www.dev.soundcreation.de\/files\/lichtanlage3.jpg\" alt=\"\" width=\"198\" height=\"116\" \/><\/td>\n<\/tr>\n<tr>\n<td colspan=\"2\"><\/td>\n<td><\/td>\n<\/tr>\n<tr>\n<td><\/td>\n<td bgcolor=\"#cccccc\" width=\"220\">\n<div><strong>Tagesmietpreis (Netto) in \u20ac<\/strong><\/div>\n<\/td>\n<td align=\"right\" valign=\"top\" bgcolor=\"#cccccc\" width=\"120\">\n<div><strong>66,39<\/strong><\/div>\n<\/td>\n<\/tr>\n<tr>\n<td><\/td>\n<td width=\"0\">zzgl. 19% MwSt.<\/td>\n<td align=\"right\" valign=\"top\" width=\"0\">12,61<\/td>\n<\/tr>\n<tr>\n<td><\/td>\n<td bgcolor=\"#cccccc\" width=\"0\"><strong>Tagesmietpreis (Brutto) in \u20ac<\/strong><\/td>\n<td align=\"right\" valign=\"top\" bgcolor=\"#cccccc\" width=\"0\"><strong>79,00<\/strong><\/td>\n<\/tr>\n<tr>\n<td><\/td>\n<td bgcolor=\"#ffffff\" width=\"0\">Fahrzeug<\/td>\n<td valign=\"top\" bgcolor=\"#ffffff\" width=\"0\">Kombi\/Kleinbus<\/td>\n<\/tr>\n<tr>\n<td><\/td>\n<td bgcolor=\"#ffffff\" width=\"0\">Stromanschluss<\/td>\n<td valign=\"top\" bgcolor=\"#ffffff\" width=\"0\">32A CEE Drehstrom<\/td>\n<\/tr>\n<\/tbody>\n<\/table>\n<\/div>\n<p>&nbsp;<\/p>\n<div>\n<table border=\"0\" width=\"100%\" cellspacing=\"1\" cellpadding=\"1\">\n<tbody>\n<tr>\n<td colspan=\"2\" bgcolor=\"#cccccc\">\n<div><b>Lichtanlage 4<\/b><b><br \/>\n<\/b><\/div>\n<\/td>\n<td bgcolor=\"#cccccc\" width=\"200\">\u00a0B\u00fchnengr\u00f6\u00dfe: 6 x 6 m<\/td>\n<\/tr>\n<tr>\n<td colspan=\"2\">\n<div>2 4er Bar PAR-64\u00a0 4 x 500W<\/div>\n<div>2 Wind-up Stative Eurolite STW 370<\/div>\n<div>4 Floorspots PAR-64 500W<br \/>\n1 Dimmerpack LitePuter DX625 6x2000W<\/div>\n<div>1 Kiste Lastkabel 10pol.<\/div>\n<div>1 Lichtpult DMX Scene Setter 12\/24<\/div>\n<div>1 DMX-Steuerleitung 50m Trommel<\/div>\n<div><\/div>\n<div><\/div>\n<div><\/div>\n<div><\/div>\n<\/td>\n<td><img loading=\"lazy\" decoding=\"async\" src=\"http:\/\/www.dev.soundcreation.de\/files\/lichtanlage4.jpg\" alt=\"\" width=\"198\" height=\"113\" \/><\/td>\n<\/tr>\n<tr>\n<td colspan=\"2\"><\/td>\n<td><\/td>\n<\/tr>\n<tr>\n<td><\/td>\n<td bgcolor=\"#cccccc\" width=\"220\">\n<div><strong>Tagesmietpreis (Netto) in \u20ac<\/strong><\/div>\n<\/td>\n<td align=\"right\" valign=\"top\" bgcolor=\"#cccccc\" width=\"120\">\n<div><strong>72,27<\/strong><\/div>\n<\/td>\n<\/tr>\n<tr>\n<td><\/td>\n<td width=\"0\">zzgl. 19% MwSt.<\/td>\n<td align=\"right\" valign=\"top\" width=\"0\">13,73<\/td>\n<\/tr>\n<tr>\n<td><\/td>\n<td bgcolor=\"#cccccc\" width=\"0\"><strong>Tagesmietpreis (Brutto) in \u20ac<\/strong><\/td>\n<td align=\"right\" valign=\"top\" bgcolor=\"#cccccc\" width=\"0\"><strong>86,00<\/strong><\/td>\n<\/tr>\n<tr>\n<td><\/td>\n<td bgcolor=\"#ffffff\" width=\"0\">Fahrzeug<\/td>\n<td valign=\"top\" bgcolor=\"#ffffff\" width=\"0\">Kombi\/Kleinbus<\/td>\n<\/tr>\n<tr>\n<td><\/td>\n<td bgcolor=\"#ffffff\" width=\"0\">Stromanschluss<\/td>\n<td valign=\"top\" bgcolor=\"#ffffff\" width=\"0\">32A CEE Drehstrom<\/td>\n<\/tr>\n<\/tbody>\n<\/table>\n<\/div>\n<p>&nbsp;<\/p>\n<div>\n<table border=\"0\" width=\"100%\" cellspacing=\"1\" cellpadding=\"1\">\n<tbody>\n<tr>\n<td colspan=\"2\" bgcolor=\"#cccccc\">\n<div><b>Lichtanlage 5<\/b><b><br \/>\n<\/b><\/div>\n<\/td>\n<td bgcolor=\"#cccccc\" width=\"200\">\u00a0B\u00fchnengr\u00f6\u00dfe: 8 x 6 m<\/td>\n<\/tr>\n<tr>\n<td colspan=\"2\">\n<div>4 4er Bar PAR-64\u00a0 4 x 500W<\/div>\n<div>2 Wind-up Stative Eurolite STW 370<br \/>\n4 Floorspots PAR-64 500W<\/div>\n<div>2 Dimmerpack LitePuter DX625 6x2000W<\/div>\n<div>2 Kisten Lastkabel 10pol.<\/div>\n<div>1 Lichtpult DMX Scene Setter 12\/24<\/div>\n<div>1 DMX-Steuerleitung 50m Trommel<\/div>\n<div>2 Wind-up Tower Alko AF515 (4,2m)<\/div>\n<div>2 B\u00fchnenmolton schwarz 3x4m<\/div>\n<div>6m 3-Punkt-Traverse Globaltruss<\/div>\n<div><\/div>\n<div><\/div>\n<div><\/div>\n<div><\/div>\n<\/td>\n<td><img loading=\"lazy\" decoding=\"async\" src=\"http:\/\/www.dev.soundcreation.de\/files\/lichtanlage5%281%29.jpg\" alt=\"\" width=\"169\" height=\"117\" \/><\/td>\n<\/tr>\n<tr>\n<td colspan=\"2\"><\/td>\n<td><\/td>\n<\/tr>\n<tr>\n<td><\/td>\n<td bgcolor=\"#cccccc\" width=\"220\">\n<div><strong>Tagesmietpreis (Netto) in \u20ac<\/strong><\/div>\n<\/td>\n<td align=\"right\" valign=\"top\" bgcolor=\"#cccccc\" width=\"120\">\n<div><strong>136,98<br \/>\n<\/strong><\/div>\n<\/td>\n<\/tr>\n<tr>\n<td><\/td>\n<td width=\"0\">zzgl. 19% MwSt.<\/td>\n<td align=\"right\" valign=\"top\" width=\"0\">26,02<\/td>\n<\/tr>\n<tr>\n<td><\/td>\n<td bgcolor=\"#cccccc\" width=\"0\"><strong>Tagesmietpreis (Brutto) in \u20ac<\/strong><\/td>\n<td align=\"right\" valign=\"top\" bgcolor=\"#cccccc\" width=\"0\"><strong>163,00<\/strong><\/td>\n<\/tr>\n<tr>\n<td><\/td>\n<td bgcolor=\"#ffffff\" width=\"0\">Fahrzeug<\/td>\n<td valign=\"top\" bgcolor=\"#ffffff\" width=\"0\">Kleinbus<\/td>\n<\/tr>\n<tr>\n<td><\/td>\n<td bgcolor=\"#ffffff\" width=\"0\">Stromanschluss<\/td>\n<td valign=\"top\" bgcolor=\"#ffffff\" width=\"0\">32A CEE Drehstrom<\/td>\n<\/tr>\n<\/tbody>\n<\/table>\n<\/div>\n<p>&nbsp;<\/p>\n<p>&nbsp;<\/p>\n<table border=\"0\" width=\"100%\" cellspacing=\"1\" cellpadding=\"1\">\n<tbody>\n<tr>\n<td colspan=\"2\" bgcolor=\"#cccccc\">\n<div><b>Lichtanlage 6<\/b><b><br \/>\n<\/b><\/div>\n<\/td>\n<td bgcolor=\"#cccccc\" width=\"200\">\u00a0B\u00fchnengr\u00f6\u00dfe: 10 x 6 m<\/td>\n<\/tr>\n<tr>\n<td colspan=\"2\">\n<div>4 6er Bar PAR-64\u00a0 6 x 500W<\/div>\n<div>2 Wind-up Stative Eurolite STW 370<\/div>\n<div>2 Dimmerpack LitePuter DX625 6x2000W<\/div>\n<div>1 Kiste Lastkabel 16pol.<\/div>\n<div>1 Lichtpult DMX Scene Setter 12\/24<\/div>\n<div>1 DMX-Steuerleitung 50m Trommel<\/div>\n<div>2 Wind-up Tower Alko AF515 (4,2m)<\/div>\n<div>2 B\u00fchnenmolton schwarz 3x4m<\/div>\n<div>6m 3-Punkt-Traverse Globaltruss<\/div>\n<div><\/div>\n<div><\/div>\n<div><\/div>\n<div><\/div>\n<\/td>\n<td><img loading=\"lazy\" decoding=\"async\" src=\"http:\/\/www.dev.soundcreation.de\/files\/lichtanlage6.jpg\" alt=\"\" width=\"160\" height=\"117\" \/><\/td>\n<\/tr>\n<tr>\n<td colspan=\"2\"><\/td>\n<td><\/td>\n<\/tr>\n<tr>\n<td><\/td>\n<td bgcolor=\"#cccccc\" width=\"220\">\n<div><strong>Tagesmietpreis (Netto) in \u20ac<\/strong><\/div>\n<\/td>\n<td align=\"right\" valign=\"top\" bgcolor=\"#cccccc\" width=\"120\">\n<div><strong>148,74<br \/>\n<\/strong><\/div>\n<\/td>\n<\/tr>\n<tr>\n<td><\/td>\n<td width=\"0\">zzgl. 19% MwSt.<\/td>\n<td align=\"right\" valign=\"top\" width=\"0\">28,26<\/td>\n<\/tr>\n<tr>\n<td><\/td>\n<td bgcolor=\"#cccccc\" width=\"0\"><strong>Tagesmietpreis (Brutto) in \u20ac<\/strong><\/td>\n<td align=\"right\" valign=\"top\" bgcolor=\"#cccccc\" width=\"0\"><strong>177,00<\/strong><\/td>\n<\/tr>\n<tr>\n<td><\/td>\n<td bgcolor=\"#ffffff\" width=\"0\">Fahrzeug<\/td>\n<td valign=\"top\" bgcolor=\"#ffffff\" width=\"0\">Sprinter<\/td>\n<\/tr>\n<tr>\n<td><\/td>\n<td bgcolor=\"#ffffff\" width=\"0\">Stromanschluss<\/td>\n<td valign=\"top\" bgcolor=\"#ffffff\" width=\"0\">32A CEE Drehstrom<\/td>\n<\/tr>\n<\/tbody>\n<\/table>\n","protected":false},"excerpt":{"rendered":"<p>Die Lichtanlagen, die zum Abholen bereit stehen, sind einfach konzipiert und erfordern keine besondere technische Kenntnisse. Der erste Miettag wird mit 100% (Tagesmietpreis), jeder weiterer Miettag mit 50% berechnet. Lassen Sie sich ein individuelles Angebot erstellen, falls Sie eine l\u00e4ngerfristige Anmietung beabsichtigen. Selbstverst\u00e4ndlich liefern wir diese Anlagen auch gegen Aufpreis aus. Lichtanlage 1 \u00a0B\u00fchnengr\u00f6\u00dfe: 4 &hellip; <a href=\"http:\/\/soundcreation.de\/?page_id=29\" class=\"more-link\"><span class=\"screen-reader-text\">Lichtanlagen Konzert<\/span> weiterlesen <span class=\"meta-nav\">&rarr;<\/span><\/a><\/p>\n","protected":false},"author":1,"featured_media":0,"parent":27,"menu_order":0,"comment_status":"closed","ping_status":"open","template":"","meta":{"footnotes":""},"class_list":["post-29","page","type-page","status-publish","hentry"],"_links":{"self":[{"href":"http:\/\/soundcreation.de\/index.php?rest_route=\/wp\/v2\/pages\/29"}],"collection":[{"href":"http:\/\/soundcreation.de\/index.php?rest_route=\/wp\/v2\/pages"}],"about":[{"href":"http:\/\/soundcreation.de\/index.php?rest_route=\/wp\/v2\/types\/page"}],"author":[{"embeddable":true,"href":"http:\/\/soundcreation.de\/index.php?rest_route=\/wp\/v2\/users\/1"}],"replies":[{"embeddable":true,"href":"http:\/\/soundcreation.de\/index.php?rest_route=%2Fwp%2Fv2%2Fcomments&post=29"}],"version-history":[{"count":2,"href":"http:\/\/soundcreation.de\/index.php?rest_route=\/wp\/v2\/pages\/29\/revisions"}],"predecessor-version":[{"id":45,"href":"http:\/\/soundcreation.de\/index.php?rest_route=\/wp\/v2\/pages\/29\/revisions\/45"}],"up":[{"embeddable":true,"href":"http:\/\/soundcreation.de\/index.php?rest_route=\/wp\/v2\/pages\/27"}],"wp:attachment":[{"href":"http:\/\/soundcreation.de\/index.php?rest_route=%2Fwp%2Fv2%2Fmedia&parent=29"}],"curies":[{"name":"wp","href":"https:\/\/api.w.org\/{rel}","templated":true}]}}