{"id":27,"date":"2016-01-11T19:15:17","date_gmt":"2016-01-11T17:15:17","guid":{"rendered":"http:\/\/s522905431.online.de\/neu\/?page_id=27"},"modified":"2016-09-21T14:26:33","modified_gmt":"2016-09-21T12:26:33","slug":"lichttechnik","status":"publish","type":"page","link":"http:\/\/soundcreation.de\/?page_id=27","title":{"rendered":"Lichttechnik"},"content":{"rendered":"<p>Wenn Sie bei Ihrer Veranstaltung nicht im Dunkel stehen wollen sind Sie hier genau richtig. Ob Geburtstags- oder Discoparty, Rockkonzert oder Theaterauff\u00fchrung, bei uns finden Sie bestimmt die passende Beleuchtungsanlage.<\/p>\n<p>Neben konventioneller Beleuchtung mit PAR- und Theaterscheinwerfern umfasst unser Angebot auch Discoeffekte, Scanner, Movingheads, Stroboskope, Blinder, LED-Scheinwerfer, sowie Nebelmaschinen. F\u00fcr umfangreichere Anlagen stehen selbstverst\u00e4ndlich die passenden Stativ- und Traversensysteme zur Verf\u00fcgung.<\/p>\n<p><a href=\"\/?p=568\">Einzelpreisliste<\/a><br \/>\n<a href=\"\/?p=29\">Lichtanlagen Konzert<\/a><br \/>\n<a href=\"\/?p=563\">Lichtanlagen Theater<\/a><br \/>\n<a href=\"\/?p=566\">Effektlichter<\/a><\/p>\n","protected":false},"excerpt":{"rendered":"<p>Wenn Sie bei Ihrer Veranstaltung nicht im Dunkel stehen wollen sind Sie hier genau richtig. Ob Geburtstags- oder Discoparty, Rockkonzert oder Theaterauff\u00fchrung, bei uns finden Sie bestimmt die passende Beleuchtungsanlage. Neben konventioneller Beleuchtung mit PAR- und Theaterscheinwerfern umfasst unser Angebot auch Discoeffekte, Scanner, Movingheads, Stroboskope, Blinder, LED-Scheinwerfer, sowie Nebelmaschinen. F\u00fcr umfangreichere Anlagen stehen selbstverst\u00e4ndlich die &hellip; <a href=\"http:\/\/soundcreation.de\/?page_id=27\" class=\"more-link\"><span class=\"screen-reader-text\">Lichttechnik<\/span> weiterlesen <span class=\"meta-nav\">&rarr;<\/span><\/a><\/p>\n","protected":false},"author":1,"featured_media":0,"parent":0,"menu_order":3,"comment_status":"closed","ping_status":"open","template":"","meta":{"footnotes":""},"class_list":["post-27","page","type-page","status-publish","hentry"],"_links":{"self":[{"href":"http:\/\/soundcreation.de\/index.php?rest_route=\/wp\/v2\/pages\/27"}],"collection":[{"href":"http:\/\/soundcreation.de\/index.php?rest_route=\/wp\/v2\/pages"}],"about":[{"href":"http:\/\/soundcreation.de\/index.php?rest_route=\/wp\/v2\/types\/page"}],"author":[{"embeddable":true,"href":"http:\/\/soundcreation.de\/index.php?rest_route=\/wp\/v2\/users\/1"}],"replies":[{"embeddable":true,"href":"http:\/\/soundcreation.de\/index.php?rest_route=%2Fwp%2Fv2%2Fcomments&post=27"}],"version-history":[{"count":5,"href":"http:\/\/soundcreation.de\/index.php?rest_route=\/wp\/v2\/pages\/27\/revisions"}],"predecessor-version":[{"id":744,"href":"http:\/\/soundcreation.de\/index.php?rest_route=\/wp\/v2\/pages\/27\/revisions\/744"}],"wp:attachment":[{"href":"http:\/\/soundcreation.de\/index.php?rest_route=%2Fwp%2Fv2%2Fmedia&parent=27"}],"curies":[{"name":"wp","href":"https:\/\/api.w.org\/{rel}","templated":true}]}}