{"id":22,"date":"2016-01-11T19:11:29","date_gmt":"2016-01-11T17:11:29","guid":{"rendered":"http:\/\/s522905431.online.de\/neu\/?page_id=22"},"modified":"2016-08-23T11:31:36","modified_gmt":"2016-08-23T09:31:36","slug":"tontechnik","status":"publish","type":"page","link":"http:\/\/soundcreation.de\/?page_id=22","title":{"rendered":"Tontechnik"},"content":{"rendered":"<p>Zu unseren St\u00e4rken z\u00e4hlt sicherlich unser P.A.-Verleih. Es steht zu jedem Anla\u00df die richtige &#8222;Ger\u00e4tekombination&#8220; zur Verf\u00fcgung. Egal ob 50 oder 5000 Besucher, ob Club, Mehrzweckhalle oder Open-Air, bei uns finden Sie das passende Beschallungssystem f\u00fcr ihre Veranstaltung.<\/p>\n<p>F\u00fcr Selbstabholer bieten wir schon f\u00fcr wenig Geld kleinere Beschallungsanlagen zur Sprach- oder Musik\u00fcbertragung an. Qualitativ hochwertige Komponenten sorgen in Kombination mit einer unkomplizierten Handhabung f\u00fcr gute Klangergebnisse bei gleichzeitig geringem Aufbau- und Verkabelungsaufwand.<\/p>\n<p>F\u00fcr gr\u00f6\u00dfere Veranstaltungen stehen entsprechende Gro\u00dfbeschallungsanlagen oder auch Delay-Line-L\u00f6sungen zur Verf\u00fcgung.Sonstiges Zubeh\u00f6r wie Mikrofone, drahtlose Mikrofonanlagen, CD-Player etc. halten wir f\u00fcr Sie am Lager bereit.<\/p>\n<p>&nbsp;<\/p>\n<p>\n<a href=\"\/?p=120\">Einzelpreisliste<\/a><br \/>\n<a href=\"\/?p=24\">Tonanlagen<\/a><br \/>\n<a href=\"\/?p=51\">Tonanlagen-Powermixer<\/a><br \/>\n<a href=\"\/?p=53\">Monitoranlagen<\/a><br \/>\n<a href=\"\/?p=55\">FOH Technik<\/a><\/p>\n","protected":false},"excerpt":{"rendered":"<p>Zu unseren St\u00e4rken z\u00e4hlt sicherlich unser P.A.-Verleih. Es steht zu jedem Anla\u00df die richtige &#8222;Ger\u00e4tekombination&#8220; zur Verf\u00fcgung. Egal ob 50 oder 5000 Besucher, ob Club, Mehrzweckhalle oder Open-Air, bei uns finden Sie das passende Beschallungssystem f\u00fcr ihre Veranstaltung. F\u00fcr Selbstabholer bieten wir schon f\u00fcr wenig Geld kleinere Beschallungsanlagen zur Sprach- oder Musik\u00fcbertragung an. Qualitativ hochwertige &hellip; <a href=\"http:\/\/soundcreation.de\/?page_id=22\" class=\"more-link\"><span class=\"screen-reader-text\">Tontechnik<\/span> weiterlesen <span class=\"meta-nav\">&rarr;<\/span><\/a><\/p>\n","protected":false},"author":1,"featured_media":0,"parent":0,"menu_order":2,"comment_status":"closed","ping_status":"open","template":"","meta":{"footnotes":""},"class_list":["post-22","page","type-page","status-publish","hentry"],"_links":{"self":[{"href":"http:\/\/soundcreation.de\/index.php?rest_route=\/wp\/v2\/pages\/22"}],"collection":[{"href":"http:\/\/soundcreation.de\/index.php?rest_route=\/wp\/v2\/pages"}],"about":[{"href":"http:\/\/soundcreation.de\/index.php?rest_route=\/wp\/v2\/types\/page"}],"author":[{"embeddable":true,"href":"http:\/\/soundcreation.de\/index.php?rest_route=\/wp\/v2\/users\/1"}],"replies":[{"embeddable":true,"href":"http:\/\/soundcreation.de\/index.php?rest_route=%2Fwp%2Fv2%2Fcomments&post=22"}],"version-history":[{"count":4,"href":"http:\/\/soundcreation.de\/index.php?rest_route=\/wp\/v2\/pages\/22\/revisions"}],"predecessor-version":[{"id":677,"href":"http:\/\/soundcreation.de\/index.php?rest_route=\/wp\/v2\/pages\/22\/revisions\/677"}],"wp:attachment":[{"href":"http:\/\/soundcreation.de\/index.php?rest_route=%2Fwp%2Fv2%2Fmedia&parent=22"}],"curies":[{"name":"wp","href":"https:\/\/api.w.org\/{rel}","templated":true}]}}